{"id":3788,"date":"2019-01-15T10:07:23","date_gmt":"2019-01-15T09:07:23","guid":{"rendered":"https:\/\/www.legrandhoteltours.com\/prestations\/loire-a-velo\/"},"modified":"2024-11-06T09:28:21","modified_gmt":"2024-11-06T08:28:21","slug":"loire-a-velo","status":"publish","type":"page","link":"https:\/\/www.legrandhoteltours.com\/it\/prestazioni\/loire-a-velo\/","title":{"rendered":"Loire \u00e0 v\u00e9lo"},"content":{"rendered":"<p>Le Grand H\u00f4tel de Tours est situ\u00e9 sur l&#8217;itin\u00e9raire de la Loire \u00e0 v\u00e9lo.<\/p>\n<h2>Accueil v\u00e9los<\/h2>\n<p>Notre h\u00f4tel est labellis\u00e9 Accueil v\u00e9los : kit de d\u00e9pannage v\u00e9los, possibilit\u00e9 de r\u00e9server des v\u00e9los via notre partenaire, local \u00e0 v\u00e9los s\u00e9curis\u00e9, possibilit\u00e9 de pique-niques \u00e0 emporter&#8230;<\/p>\n<h2>Informations pratiques<\/h2>\n<p>Nous disposons d&#8217;un local v\u00e9los s\u00e9curis\u00e9 afin de garantir que vous puissiez vous reposer en toute s\u00e9r\u00e9nit\u00e9.<\/p>\n","protected":false},"excerpt":{"rendered":"<p>Le Grand H\u00f4tel de Tours est situ\u00e9 sur l&#8217;itin\u00e9raire de la Loire \u00e0 v\u00e9lo. Accueil v\u00e9los Notre h\u00f4tel est labellis\u00e9 Accueil v\u00e9los : kit de d\u00e9pannage v\u00e9los, possibilit\u00e9 de r\u00e9server des v\u00e9los via notre partenaire, local \u00e0 v\u00e9los s\u00e9curis\u00e9, possibilit\u00e9 de pique-niques \u00e0 emporter&#8230; Informations pratiques Nous disposons d&#8217;un local v\u00e9los s\u00e9curis\u00e9 afin de garantir [&hellip;]<\/p>\n","protected":false},"author":5,"featured_media":1828,"parent":3727,"menu_order":0,"comment_status":"closed","ping_status":"closed","template":"","meta":{"footnotes":""},"class_list":["post-3788","page","type-page","status-publish","has-post-thumbnail","hentry"],"_links":{"self":[{"href":"https:\/\/www.legrandhoteltours.com\/it\/wp-json\/wp\/v2\/pages\/3788","targetHints":{"allow":["GET"]}}],"collection":[{"href":"https:\/\/www.legrandhoteltours.com\/it\/wp-json\/wp\/v2\/pages"}],"about":[{"href":"https:\/\/www.legrandhoteltours.com\/it\/wp-json\/wp\/v2\/types\/page"}],"author":[{"embeddable":true,"href":"https:\/\/www.legrandhoteltours.com\/it\/wp-json\/wp\/v2\/users\/5"}],"replies":[{"embeddable":true,"href":"https:\/\/www.legrandhoteltours.com\/it\/wp-json\/wp\/v2\/comments?post=3788"}],"version-history":[{"count":1,"href":"https:\/\/www.legrandhoteltours.com\/it\/wp-json\/wp\/v2\/pages\/3788\/revisions"}],"predecessor-version":[{"id":3790,"href":"https:\/\/www.legrandhoteltours.com\/it\/wp-json\/wp\/v2\/pages\/3788\/revisions\/3790"}],"up":[{"embeddable":true,"href":"https:\/\/www.legrandhoteltours.com\/it\/wp-json\/wp\/v2\/pages\/3727"}],"wp:featuredmedia":[{"embeddable":true,"href":"https:\/\/www.legrandhoteltours.com\/it\/wp-json\/wp\/v2\/media\/1828"}],"wp:attachment":[{"href":"https:\/\/www.legrandhoteltours.com\/it\/wp-json\/wp\/v2\/media?parent=3788"}],"curies":[{"name":"wp","href":"https:\/\/api.w.org\/{rel}","templated":true}]}}