{"id":3723,"date":"2018-10-05T14:23:52","date_gmt":"2018-10-05T12:23:52","guid":{"rendered":"https:\/\/www.legrandhoteltours.com\/politique-de-confidentialite\/"},"modified":"2024-11-06T09:47:28","modified_gmt":"2024-11-06T08:47:28","slug":"politica-di-riservatezza","status":"publish","type":"page","link":"https:\/\/www.legrandhoteltours.com\/it\/politica-di-riservatezza\/","title":{"rendered":"Politica di riservatezza"},"content":{"rendered":"<h2>Chi siamo?<\/h2>\n<p>L\u2019indirizzo del nostro sito internet \u00e8: https:\/\/www.legrandhoteltours.com.<\/p>\n<h2>Uso dei dati personali raccolti<\/h2>\n<h3>Recensioni<\/h3>\n<p>Quando lasciate una recensione sul nostro sito web, i dati inseriti nel modulo di recensione, cos\u00ec come il vostro indirizzo IP e l&#8217;agente utente del vostro browser, vengono raccolti per aiutarci a rilevare le recensioni indesiderate.<\/p>\n<p>Una stringa anonimizzata creata a partire dal vostro indirizzo e-mail (nota anche come hash) pu\u00f2 essere inviata al servizio Gravatar per verificare se lo utilizzate. Le clausole di riservatezza del servizio Gravatar sono disponibili qui: https:\/\/automattic.com\/privacy\/. Dopo la convalida della vostra recensione, la vostra immagine di profilo sar\u00e0 visibile pubblicamente accanto alla vostra recensione.<\/p>\n<h3>Mass media<\/h3>\n<p>Se siete un utente registrato e caricate immagini sul sito web, vi consigliamo di evitare di caricare immagini che contengono dati EXIF di coordinate GPS. I visitatori del vostro sito web possono scaricare ed estrarre dati di localizzazione a partire da queste immagini.<\/p>\n<h3>Moduli di contatto<\/h3>\n<h3>Cookie<\/h3>\n<p>Se lasciate una recensione sul nostro sito, vi verr\u00e0 proposto di registrare il vostro nome, indirizzo e-mail e sito web in cookie. Questo \u00e8 solo per la vostra comodit\u00e0 in modo da non dover inserire queste informazioni se lasciate un\u2019altra recensione in un secondo momento. Questi cookie scadono dopo un anno.<\/p>\n<p>Se disponete di un account e se vi connettete a questo sito, verr\u00e0 creato un cookie temporaneo per determinare se il vostro browser accetta i cookie. Non contiene dati personali e verr\u00e0 cancellato automaticamente alla chiusura del vostro browser.<\/p>\n<p>Quando vi connettete, imposteremo un certo numero di cookie per registrare le vostre informazioni di connessione e le vostre preferenze di visualizzazione sullo schermo. La durata di vita di un cookie di connessione \u00e8 di due giorni, quella di un cookie di opzione di visualizzazione sullo schermo \u00e8 di un anno. Se sbarrate &#8220;Ricordatemi di me&#8221;, il vostro cookie di connessione verr\u00e0 conservato per due settimane. Se vi disconnette dal vostro account, il cookie di connessione verr\u00e0 eliminato.<\/p>\n<p>Modificando o pubblicando un post, un cookie aggiuntivo verr\u00e0 registrato nel vostro browser. Questo cookie non include alcun dato personale. Indica solo l\u2019ID del post che avete appena modificato. Scade dopo un giorno.<\/p>\n<h3>Contenuto implementato da altri siti<\/h3>\n<p>Gli articoli di questo sito possono includere contenuti integrati (ad es. video, immagini, articoli, &#8230;). Il contenuto integrato da altri siti si comporta come se il visitatore stesse visitando quell&#8217;altro sito.<\/p>\n<p>Questi siti web possono raccogliere dati su di voi, utilizzare cookie, implementare strumenti di tracciamento di terze parti, tracciare le vostre interazioni con questi contenuti implementati se avete un account connesso sul loro sito web.<\/p>\n<h3>Statistiche e misurazioni dell\u2019audience<\/h3>\n<h2>Uso e trasmissione dei vostri dati personali<\/h2>\n<h2>Periodi di conservazione dei vostri dati<\/h2>\n<p>Se lasciate una recensione, la recensione ed i relativi metadati vengono conservati indefinitamente. Ci\u00f2 permette di riconoscere e approvare automaticamente le recensioni successive invece di lasciarle nella coda di moderazione.<\/p>\n<p>Per gli utenti che si registrano sul nostro sito web (se ci\u00f2 \u00e8 possibile), memorizziamo anche i dati personali indicati nel loro profilo. Tutti gli utenti possono visualizzare, modificare o eliminare le proprie informazioni personali in qualsiasi momento (ad eccezione del loro nome utente). Anche i gestori del sito possono visualizzare e modificare queste informazioni.<\/p>\n<h2>I diritti dell&#8217;utente sui propri dati<\/h2>\n<p>Se avete un account o avete lasciato recensioni sul sito, potete chiedere di ricevere un file contenente tutti i vostri dati personali in nostro possesso, inclusi i dati personali che ci avete fornito. Potete anche chiedere la cancellazione dei vostri dati personali. Ci\u00f2 non tiene conto dei dati memorizzati per finalit\u00e0 amministrative, legali o per motivi di sicurezza.<\/p>\n<h2>Trasmissione dei vostri dati personali<\/h2>\n<p>Le recensioni dei visitatori possono essere verificate utilizzando un servizio di rilevamento automatico delle recensioni indesiderate.<\/p>\n<h2>Informazioni di contatto<\/h2>\n<h2>Informazioni aggiuntive<\/h2>\n<h3>Come proteggiamo i vostri dati<\/h3>\n<h3>Procedure attuate in caso di fuga di dati<\/h3>\n<h3>I servizi terzi che ci trasmettono dati<\/h3>\n<h3>Operazioni di marketing automatizzato e\/o di profilazione realizzate utilizzando dati personali<\/h3>\n<h3>Visualizzazione delle informazioni legate ai settori sottoposti a regolamentazioni specifiche<\/h3>\n","protected":false},"excerpt":{"rendered":"<p>Chi siamo? L\u2019indirizzo del nostro sito internet \u00e8: https:\/\/www.legrandhoteltours.com. Uso dei dati personali raccolti Recensioni Quando lasciate una recensione sul nostro sito web, i dati inseriti nel modulo di recensione, cos\u00ec come il vostro indirizzo IP e l&#8217;agente utente del vostro browser, vengono raccolti per aiutarci a rilevare le recensioni indesiderate. Una stringa anonimizzata creata [&hellip;]<\/p>\n","protected":false},"author":5,"featured_media":0,"parent":0,"menu_order":0,"comment_status":"closed","ping_status":"open","template":"","meta":{"footnotes":""},"class_list":["post-3723","page","type-page","status-publish","hentry"],"_links":{"self":[{"href":"https:\/\/www.legrandhoteltours.com\/it\/wp-json\/wp\/v2\/pages\/3723","targetHints":{"allow":["GET"]}}],"collection":[{"href":"https:\/\/www.legrandhoteltours.com\/it\/wp-json\/wp\/v2\/pages"}],"about":[{"href":"https:\/\/www.legrandhoteltours.com\/it\/wp-json\/wp\/v2\/types\/page"}],"author":[{"embeddable":true,"href":"https:\/\/www.legrandhoteltours.com\/it\/wp-json\/wp\/v2\/users\/5"}],"replies":[{"embeddable":true,"href":"https:\/\/www.legrandhoteltours.com\/it\/wp-json\/wp\/v2\/comments?post=3723"}],"version-history":[{"count":4,"href":"https:\/\/www.legrandhoteltours.com\/it\/wp-json\/wp\/v2\/pages\/3723\/revisions"}],"predecessor-version":[{"id":3776,"href":"https:\/\/www.legrandhoteltours.com\/it\/wp-json\/wp\/v2\/pages\/3723\/revisions\/3776"}],"wp:attachment":[{"href":"https:\/\/www.legrandhoteltours.com\/it\/wp-json\/wp\/v2\/media?parent=3723"}],"curies":[{"name":"wp","href":"https:\/\/api.w.org\/{rel}","templated":true}]}}