{"id":3668,"date":"2018-10-05T15:30:52","date_gmt":"2018-10-05T13:30:52","guid":{"rendered":"https:\/\/www.legrandhoteltours.com\/contact\/"},"modified":"2024-12-18T04:58:59","modified_gmt":"2024-12-18T03:58:59","slug":"contatto","status":"publish","type":"page","link":"https:\/\/www.legrandhoteltours.com\/it\/contatto\/","title":{"rendered":"Contatto"},"content":{"rendered":"<p style=\"text-align: center;\"><strong><a class=\"Nom\" title=\"Le Grand H\u00f4tel de Tours - Tours\" href=\"https:\/\/www.legrandhoteltours.com\/it\/\">Le Grand H\u00f4tel de Tours<\/a><\/strong><br \/>\n<span class=\"ad\">9, place du G\u00e9n\u00e9ral Leclerc<\/span><br \/>\n<span class=\"ad\">37000 Tours<\/span><\/p>\n<p style=\"text-align: center;\"><a class=\"tel\" title=\"\" href=\"tel:33247053531\">T\u00e9l : 33 (0) 2 47 05 35 31<\/a><\/p>\n<p style=\"text-align: center;\">contact@legrandhoteltours.com<\/p>\n<div class=\"map-responsive\"><div class=\"map-responsive-container\"><iframe loading=\"lazy\" src=\"https:\/\/www.google.com\/maps\/d\/u\/0\/embed?mid=1lY6HJlekF95lLMGN1XsYzpDBwo4vTlLf\" width=\"640\" height=\"480\"><\/iframe><\/div><\/div>\n<p>Coordinate GPS:<\/p>\n<ul>\n<li>LONGITUDINE 0.69.2600<\/li>\n<li>LATITUDINE 47.389866<\/li>\n<\/ul>\n<p><img data-dominant-color=\"d8d7d4\" data-has-transparency=\"false\" style=\"--dominant-color: #d8d7d4;\" loading=\"lazy\" decoding=\"async\" class=\"aligncenter wp-image-472 size-full not-transparent\" src=\"https:\/\/www.legrandhoteltours.com\/wp-content\/uploads\/acces-grand-hotel-de-tours.jpg\" alt=\"\" width=\"868\" height=\"728\"><\/p>\n<p><strong>In macchina:<\/strong> Uscita 21, Tours-Centro, a 5 minuti direzione Strazione ferroviaria SNCF<\/p>\n<p><strong>In treno:<\/strong> Fermata stazione ferroviaria SNCF Tours Centro, l\u2019albergo si trova di fronte alla stazione ferroviaria sulla destra<\/p>\n<p><strong>In autobus:<\/strong> Fermata stazione ferroviaria SNCF Tours-Centro<\/p>\n<p><strong>In tram:<\/strong> Fermata stazione ferroviaria SNCF Tours-Centro, l\u2019albergo si trova nella via pedonale situata a sinistra della Briocherie.<\/p>\n<p><strong>In aereo:<\/strong> Aeroporto di Tours (TUF) situato a 15 minuti in macchina<\/p>\n<p><strong>In bici:<\/strong> sull\u2019itinerario della Loira in bicicletta, disponiamo di una bike room sicura nell\u2019albergo<\/p>\n","protected":false},"excerpt":{"rendered":"<p>Le Grand H\u00f4tel de Tours 9, place du G\u00e9n\u00e9ral Leclerc 37000 Tours T\u00e9l : 33 (0) 2 47 05 35 31 contact@legrandhoteltours.com Coordinate GPS: LONGITUDINE 0.69.2600 LATITUDINE 47.389866 In macchina: Uscita 21, Tours-Centro, a 5 minuti direzione Strazione ferroviaria SNCF In treno: Fermata stazione ferroviaria SNCF Tours Centro, l\u2019albergo si trova di fronte alla stazione [&hellip;]<\/p>\n","protected":false},"author":5,"featured_media":0,"parent":0,"menu_order":0,"comment_status":"closed","ping_status":"closed","template":"templates\/page-contact.php","meta":{"footnotes":""},"class_list":["post-3668","page","type-page","status-publish","hentry"],"_links":{"self":[{"href":"https:\/\/www.legrandhoteltours.com\/it\/wp-json\/wp\/v2\/pages\/3668","targetHints":{"allow":["GET"]}}],"collection":[{"href":"https:\/\/www.legrandhoteltours.com\/it\/wp-json\/wp\/v2\/pages"}],"about":[{"href":"https:\/\/www.legrandhoteltours.com\/it\/wp-json\/wp\/v2\/types\/page"}],"author":[{"embeddable":true,"href":"https:\/\/www.legrandhoteltours.com\/it\/wp-json\/wp\/v2\/users\/5"}],"replies":[{"embeddable":true,"href":"https:\/\/www.legrandhoteltours.com\/it\/wp-json\/wp\/v2\/comments?post=3668"}],"version-history":[{"count":2,"href":"https:\/\/www.legrandhoteltours.com\/it\/wp-json\/wp\/v2\/pages\/3668\/revisions"}],"predecessor-version":[{"id":3670,"href":"https:\/\/www.legrandhoteltours.com\/it\/wp-json\/wp\/v2\/pages\/3668\/revisions\/3670"}],"wp:attachment":[{"href":"https:\/\/www.legrandhoteltours.com\/it\/wp-json\/wp\/v2\/media?parent=3668"}],"curies":[{"name":"wp","href":"https:\/\/api.w.org\/{rel}","templated":true}]}}