{"id":612,"date":"2018-10-05T15:47:00","date_gmt":"2018-10-05T13:47:00","guid":{"rendered":"https:\/\/www.legrandhoteltours.com\/ght-o\/"},"modified":"2024-07-03T16:40:39","modified_gmt":"2024-07-03T14:40:39","slug":"accueil","status":"publish","type":"page","link":"https:\/\/www.legrandhoteltours.com\/es\/","title":{"rendered":"Accueil"},"content":{"rendered":"<p class=\"oct_home_subtitle\">Alojarse en el<\/p>\n<h2 class=\"oct_home_title\">grand h\u00f4tel de tours<\/h2>\n<p>Nada m\u00e1s cruzar la puerta, las l\u00edneas y el dise\u00f1o del mobiliario le sumergen en un instante en el ambiente de los a\u00f1os treinta. De hecho, el Grand H\u00f4tel de Tours ha recurrido a un dise\u00f1ador para la renovaci\u00f3n de sus habitaciones y la decoraci\u00f3n del sal\u00f3n.<\/p>\n<p>Desde 79 \u20ac, el Grand H\u00f4tel de Tours, situado en el centro de la ciudad (cerca de la Estaci\u00f3n) le ofrece habitaciones Confort, Superiores, Premium, Triples, Familiares (para 2 adultos y 2 ni\u00f1os), as\u00ed como Juniors Suites y Suites. Podemos acoger tanto a grupos como a equipos de trabajo para seminarios o eventos culturales diversos.<\/p>\n\n","protected":false},"excerpt":{"rendered":"<p>Alojarse en el grand h\u00f4tel de tours Nada m\u00e1s cruzar la puerta, las l\u00edneas y el dise\u00f1o del mobiliario le sumergen en un instante en el ambiente de los a\u00f1os treinta. De hecho, el Grand H\u00f4tel de Tours ha recurrido a un dise\u00f1ador para la renovaci\u00f3n de sus habitaciones y la decoraci\u00f3n del sal\u00f3n. Desde [&hellip;]<\/p>\n","protected":false},"author":5,"featured_media":0,"parent":0,"menu_order":0,"comment_status":"closed","ping_status":"closed","template":"templates\/page-home.php","meta":{"footnotes":""},"class_list":["post-612","page","type-page","status-publish","hentry"],"_links":{"self":[{"href":"https:\/\/www.legrandhoteltours.com\/es\/wp-json\/wp\/v2\/pages\/612","targetHints":{"allow":["GET"]}}],"collection":[{"href":"https:\/\/www.legrandhoteltours.com\/es\/wp-json\/wp\/v2\/pages"}],"about":[{"href":"https:\/\/www.legrandhoteltours.com\/es\/wp-json\/wp\/v2\/types\/page"}],"author":[{"embeddable":true,"href":"https:\/\/www.legrandhoteltours.com\/es\/wp-json\/wp\/v2\/users\/5"}],"replies":[{"embeddable":true,"href":"https:\/\/www.legrandhoteltours.com\/es\/wp-json\/wp\/v2\/comments?post=612"}],"version-history":[{"count":14,"href":"https:\/\/www.legrandhoteltours.com\/es\/wp-json\/wp\/v2\/pages\/612\/revisions"}],"predecessor-version":[{"id":3440,"href":"https:\/\/www.legrandhoteltours.com\/es\/wp-json\/wp\/v2\/pages\/612\/revisions\/3440"}],"wp:attachment":[{"href":"https:\/\/www.legrandhoteltours.com\/es\/wp-json\/wp\/v2\/media?parent=612"}],"curies":[{"name":"wp","href":"https:\/\/api.w.org\/{rel}","templated":true}]}}