{"id":3423,"date":"2018-11-13T12:28:08","date_gmt":"2018-11-13T11:28:08","guid":{"rendered":"https:\/\/www.legrandhoteltours.com\/seminaire\/tourisme-daffaires-le-palais-des-congres-vinci\/"},"modified":"2024-07-03T18:45:13","modified_gmt":"2024-07-03T16:45:13","slug":"turismo-de-negocios-el-palacio-de-congresos-vinci","status":"publish","type":"page","link":"https:\/\/www.legrandhoteltours.com\/es\/seminario\/turismo-de-negocios-el-palacio-de-congresos-vinci\/","title":{"rendered":"Turismo de negocios \u2013 El Palacio de Congresos \u00abVinci\u00bb"},"content":{"rendered":"<p>El hotel est\u00e1 situado a 200 m del Centro Internacional de Congresos de Tours Valle del Loira Tours \u00abVinci\u00bb. Acoge todos los eventos relacionados con el turismo de negocios: congresos, convenciones, salones, asambleas generales, simposios, etc.<\/p>\n<h2>Su hotel en el Centro Internacional de Congresos de Tours<\/h2>\n<p>&nbsp;<\/p>\n<p>Si se aloja en el hotel por viaje de negocios y debe ir al Centro Internacional de Congresos de Tours, le ser\u00e1 muy f\u00e1cil llegar.<\/p>\n<p>Situado frente a la estaci\u00f3n de Tours-Centro, el Palacio de Congresos de Tours se encuentra a tan solo unos minutos a pie del Grand H\u00f4tel de Tours.<\/p>\n<p>Con una superficie de 26 000 m\u00b2, el Vinci tiene 3 auditorios, 22 salas de comisiones, el sal\u00f3n Agn\u00e8s Sorel, de 1500 m\u00b2 y la zona Daniel Bourdu, de 2500 m\u00b2. Con unas instalaciones ultramodernas, el Centro Internacional de Congresos Vinci tambi\u00e9n ofrece conciertos y espect\u00e1culos diversos (humor, conciertos, m\u00fasica, teatro, etc.).<\/p>\n<p><strong>3 auditorios donde se organizan eventos nacionales e internacionales:<\/strong><\/p>\n<ul>\n<li>Auditorio Descartes: 350 asientos<\/li>\n<li>Auditorio Pierre de Ronsard: 700 asientos<\/li>\n<li>Auditorio Francisco I: 2000 asientos<\/li>\n<\/ul>\n<p>Si est\u00e1 buscando un hotel cerca del Centro de Congresos de Tours, p\u00f3ngase en contacto con el Grand H\u00f4tel para conocer la disponibilidad y reservar su habitaci\u00f3n.<\/p>\n<ul>\n<li>Tel.:33 (0) 2 47 05 35 31<\/li>\n<li><a href=\"mailto:contact@legrandhoteltours.com\">contact@legrandhoteltours.com<\/a><\/li>\n<\/ul>\n<p>M\u00e1s informaci\u00f3n del Palacio de Congresos \u00abVinci\u00bb en <a href=\"http:\/\/www.tours-evenements.com\/vinci-conventions.html\" target=\"_blank\" rel=\"noopener\">http:\/\/www.tours-evenements.com\/vinci-conventions.html<\/a><\/p>\n","protected":false},"excerpt":{"rendered":"<p>El hotel est\u00e1 situado a 200 m del Centro Internacional de Congresos de Tours Valle del Loira Tours \u00abVinci\u00bb. Acoge todos los eventos relacionados con el turismo de negocios: congresos, convenciones, salones, asambleas generales, simposios, etc. Su hotel en el Centro Internacional de Congresos de Tours &nbsp; Si se aloja en el hotel por viaje [&hellip;]<\/p>\n","protected":false},"author":5,"featured_media":0,"parent":3407,"menu_order":0,"comment_status":"closed","ping_status":"closed","template":"","meta":{"footnotes":""},"class_list":["post-3423","page","type-page","status-publish","hentry"],"_links":{"self":[{"href":"https:\/\/www.legrandhoteltours.com\/es\/wp-json\/wp\/v2\/pages\/3423","targetHints":{"allow":["GET"]}}],"collection":[{"href":"https:\/\/www.legrandhoteltours.com\/es\/wp-json\/wp\/v2\/pages"}],"about":[{"href":"https:\/\/www.legrandhoteltours.com\/es\/wp-json\/wp\/v2\/types\/page"}],"author":[{"embeddable":true,"href":"https:\/\/www.legrandhoteltours.com\/es\/wp-json\/wp\/v2\/users\/5"}],"replies":[{"embeddable":true,"href":"https:\/\/www.legrandhoteltours.com\/es\/wp-json\/wp\/v2\/comments?post=3423"}],"version-history":[{"count":3,"href":"https:\/\/www.legrandhoteltours.com\/es\/wp-json\/wp\/v2\/pages\/3423\/revisions"}],"predecessor-version":[{"id":3498,"href":"https:\/\/www.legrandhoteltours.com\/es\/wp-json\/wp\/v2\/pages\/3423\/revisions\/3498"}],"up":[{"embeddable":true,"href":"https:\/\/www.legrandhoteltours.com\/es\/wp-json\/wp\/v2\/pages\/3407"}],"wp:attachment":[{"href":"https:\/\/www.legrandhoteltours.com\/es\/wp-json\/wp\/v2\/media?parent=3423"}],"curies":[{"name":"wp","href":"https:\/\/api.w.org\/{rel}","templated":true}]}}