{"id":3419,"date":"2018-11-13T12:13:48","date_gmt":"2018-11-13T11:13:48","guid":{"rendered":"https:\/\/www.legrandhoteltours.com\/seminaire\/restauration-seminaire\/"},"modified":"2024-07-03T18:44:45","modified_gmt":"2024-07-03T16:44:45","slug":"restauracion-seminario","status":"publish","type":"page","link":"https:\/\/www.legrandhoteltours.com\/es\/seminario\/restauracion-seminario\/","title":{"rendered":"Restauraci\u00f3n seminario"},"content":{"rendered":"<p>En colaboraci\u00f3n con un servicio de catering y los restaurantes situados en las inmediaciones, el Gran H\u00f4tel de Tours puede ofrecerle un servicio de restauraci\u00f3n a medida durante su seminario, en funci\u00f3n de su presupuesto y el n\u00famero de participantes.<\/p>\n<p>&nbsp;<\/p>\n<h2>Experimente tambi\u00e9n el servicio de Catering<\/h2>\n<p>El Grand H\u00f4tel de Tours le ofrece directamente en el hotel un servicio de catering de calidad para un almuerzo, una cena, un c\u00f3ctel, o incluso una deliciosa bandeja de comida durante su seminario en el hotel.<\/p>\n<p>&nbsp;<\/p>\n<h2>Sin olvidar los descansos del seminario\u2026<\/h2>\n<p>Adem\u00e1s, el hotel tiene a su disposici\u00f3n una oferta adaptada para sus descansos de ma\u00f1ana y tarde durante su seminario de un d\u00eda entero o de medio d\u00eda (bebidas calientes, zumos de fruta, boller\u00eda dulces delicatessen\u2026).<\/p>\n<p>&nbsp;<\/p>\n<p>Para m\u00e1s informaci\u00f3n, no dude en ponerse en contacto con el Grand H\u00f4tel de Tours.<\/p>\n<p>&nbsp;<\/p>\n<p><strong>Contacto seminario incentivo:<\/strong><\/p>\n<ul>\n<li>Tel.:33 (0) 2 47 05 35 31<\/li>\n<li><a href=\"mailto:commercial@legrandhoteltours.com\">commercial@legrandhoteltours.com<\/a><\/li>\n<\/ul>\n","protected":false},"excerpt":{"rendered":"<p>En colaboraci\u00f3n con un servicio de catering y los restaurantes situados en las inmediaciones, el Gran H\u00f4tel de Tours puede ofrecerle un servicio de restauraci\u00f3n a medida durante su seminario, en funci\u00f3n de su presupuesto y el n\u00famero de participantes. &nbsp; Experimente tambi\u00e9n el servicio de Catering El Grand H\u00f4tel de Tours le ofrece directamente [&hellip;]<\/p>\n","protected":false},"author":5,"featured_media":0,"parent":3407,"menu_order":0,"comment_status":"closed","ping_status":"closed","template":"","meta":{"footnotes":""},"class_list":["post-3419","page","type-page","status-publish","hentry"],"_links":{"self":[{"href":"https:\/\/www.legrandhoteltours.com\/es\/wp-json\/wp\/v2\/pages\/3419","targetHints":{"allow":["GET"]}}],"collection":[{"href":"https:\/\/www.legrandhoteltours.com\/es\/wp-json\/wp\/v2\/pages"}],"about":[{"href":"https:\/\/www.legrandhoteltours.com\/es\/wp-json\/wp\/v2\/types\/page"}],"author":[{"embeddable":true,"href":"https:\/\/www.legrandhoteltours.com\/es\/wp-json\/wp\/v2\/users\/5"}],"replies":[{"embeddable":true,"href":"https:\/\/www.legrandhoteltours.com\/es\/wp-json\/wp\/v2\/comments?post=3419"}],"version-history":[{"count":2,"href":"https:\/\/www.legrandhoteltours.com\/es\/wp-json\/wp\/v2\/pages\/3419\/revisions"}],"predecessor-version":[{"id":3496,"href":"https:\/\/www.legrandhoteltours.com\/es\/wp-json\/wp\/v2\/pages\/3419\/revisions\/3496"}],"up":[{"embeddable":true,"href":"https:\/\/www.legrandhoteltours.com\/es\/wp-json\/wp\/v2\/pages\/3407"}],"wp:attachment":[{"href":"https:\/\/www.legrandhoteltours.com\/es\/wp-json\/wp\/v2\/media?parent=3419"}],"curies":[{"name":"wp","href":"https:\/\/api.w.org\/{rel}","templated":true}]}}