{"id":3413,"date":"2018-11-13T12:07:54","date_gmt":"2018-11-13T11:07:54","guid":{"rendered":"https:\/\/www.legrandhoteltours.com\/seminaire\/organiser-des-activites-team-building-sportives-ou-culturelles\/"},"modified":"2024-07-03T18:44:08","modified_gmt":"2024-07-03T16:44:08","slug":"organizar-actividades-team-building-deportivas-o-culturales","status":"publish","type":"page","link":"https:\/\/www.legrandhoteltours.com\/es\/seminario\/organizar-actividades-team-building-deportivas-o-culturales\/","title":{"rendered":"Organizar actividades team building deportivas o culturales"},"content":{"rendered":"<p>\u00a1Dinamice sus eventos y refuerce los lazos de los equipos de su empresa!<\/p>\n<p>Para que sus seminarios sean todo un \u00e9xito, el Grand H\u00f4tel de Tours le ofrece organizar actividades de incentivo amenas y divertidas, veladas enol\u00f3gicas, visitas de castillos y del vi\u00f1edo, taller de descubrimiento del <em>shiatsu<\/em>\u2026 ideal para combinar trabajo y descanso en el Valle del Loira.<\/p>\n<ul>\n<li><strong>Incentivo cultural y tur\u00edstico<\/strong>: monumentos y museos de Tours, castillos del Loira, lugares declarados Patrimonio de la Humanidad, h\u00e1bitats trogloditas, lugares ins\u00f3litos, cenas tem\u00e1ticas y espect\u00e1culos, etc.<\/li>\n<li><strong>Incentivo deporte y naturaleza\u00a0<\/strong>:paseos a caballo, senderismo, rallies, b\u00fasqueda del tesoro, carreras de orientaci\u00f3n, canoa Kayak, <a href=\"https:\/\/www.legrandhoteltours.com\/guide-touristique\/les-golfs-en-touraine\/\">golf<\/a>, <em>paintball<\/em>, arborismo, <em>karting<\/em>, bautismo del vuelo en globo, en helic\u00f3ptero, descenso del Loira en canoa o Gabarra, etc.<\/li>\n<li><strong>Incentivo en torno al vi\u00f1edo del Valle del Loira<\/strong>: visitas guidas de bodegas, degustaciones de vinos del Loira, juegos enol\u00f3gicos, rally en el vi\u00f1edo, etc.<\/li>\n<li><strong>Incentivo Relajaci\u00f3n y Bienestar<\/strong>: puesta en forma y spa, taller de descubrimiento del <em>shiatsu<\/em>, etc.<\/li>\n<li><strong>Incentivo terru\u00f1os y gastronom\u00eda<\/strong>: excursi\u00f3n gastron\u00f3mica Vi\u00f1edo y Terru\u00f1o, Descubrimiento de Tours \u00abCiudad Internacional de la Gastronom\u00eda en el Valle del Loira\u00bb, etc.<\/li>\n<\/ul>\n<p>&nbsp;<\/p>\n<p>Para m\u00e1s informaci\u00f3n, no dude en ponerse en contacto con el Grand H\u00f4tel de Tours.<\/p>\n<p><strong>Contacto seminario incentivo:<\/strong><\/p>\n<ul>\n<li>Tel.:33 (0) 2 47 05 35 31<\/li>\n<li><a href=\"mailto:contact@legrandhoteltours.com\">commercial@legrandhoteltours.com<\/a><\/li>\n<\/ul>\n","protected":false},"excerpt":{"rendered":"<p>\u00a1Dinamice sus eventos y refuerce los lazos de los equipos de su empresa! Para que sus seminarios sean todo un \u00e9xito, el Grand H\u00f4tel de Tours le ofrece organizar actividades de incentivo amenas y divertidas, veladas enol\u00f3gicas, visitas de castillos y del vi\u00f1edo, taller de descubrimiento del shiatsu\u2026 ideal para combinar trabajo y descanso en [&hellip;]<\/p>\n","protected":false},"author":5,"featured_media":0,"parent":3407,"menu_order":0,"comment_status":"closed","ping_status":"closed","template":"","meta":{"footnotes":""},"class_list":["post-3413","page","type-page","status-publish","hentry"],"_links":{"self":[{"href":"https:\/\/www.legrandhoteltours.com\/es\/wp-json\/wp\/v2\/pages\/3413","targetHints":{"allow":["GET"]}}],"collection":[{"href":"https:\/\/www.legrandhoteltours.com\/es\/wp-json\/wp\/v2\/pages"}],"about":[{"href":"https:\/\/www.legrandhoteltours.com\/es\/wp-json\/wp\/v2\/types\/page"}],"author":[{"embeddable":true,"href":"https:\/\/www.legrandhoteltours.com\/es\/wp-json\/wp\/v2\/users\/5"}],"replies":[{"embeddable":true,"href":"https:\/\/www.legrandhoteltours.com\/es\/wp-json\/wp\/v2\/comments?post=3413"}],"version-history":[{"count":2,"href":"https:\/\/www.legrandhoteltours.com\/es\/wp-json\/wp\/v2\/pages\/3413\/revisions"}],"predecessor-version":[{"id":3494,"href":"https:\/\/www.legrandhoteltours.com\/es\/wp-json\/wp\/v2\/pages\/3413\/revisions\/3494"}],"up":[{"embeddable":true,"href":"https:\/\/www.legrandhoteltours.com\/es\/wp-json\/wp\/v2\/pages\/3407"}],"wp:attachment":[{"href":"https:\/\/www.legrandhoteltours.com\/es\/wp-json\/wp\/v2\/media?parent=3413"}],"curies":[{"name":"wp","href":"https:\/\/api.w.org\/{rel}","templated":true}]}}