{"id":3410,"date":"2018-11-13T12:20:59","date_gmt":"2018-11-13T11:20:59","guid":{"rendered":"https:\/\/www.legrandhoteltours.com\/seminaire\/ils-nous-font-confiance\/"},"modified":"2024-07-03T18:43:46","modified_gmt":"2024-07-03T16:43:46","slug":"confian-en-nosotros","status":"publish","type":"page","link":"https:\/\/www.legrandhoteltours.com\/es\/seminario\/confian-en-nosotros\/","title":{"rendered":"\u00a1Conf\u00edan en nosotros!"},"content":{"rendered":"<p>Gracias a nuestro equipo profesional y din\u00e1mico, El Grand H\u00f4tel de Tours le garantiza el \u00e9xito de su evento en un lugar dotado del confort moderno y en el que se respira el ambiente de los a\u00f1os 30.<\/p>\n<p>Para un seminario, una jornada de estudio, una formaci\u00f3n, un c\u00f3ctel, un <em>showroom<\/em>\u2026 \u00a1Estas grandes empresas conf\u00edan en nosotros!<\/p>\n<p>\u00a1S\u00famese a ellas!<\/p>\n<p>&nbsp;<\/p>\n<p><img data-dominant-color=\"f4f4f6\" data-has-transparency=\"false\" style=\"--dominant-color: #f4f4f6;\" loading=\"lazy\" decoding=\"async\" class=\"aligncenter wp-image-290 size-full not-transparent\" src=\"https:\/\/www.legrandhoteltours.com\/wp-content\/uploads\/logos-confiance.png\" alt=\"\" width=\"836\" height=\"399\" srcset=\"https:\/\/www.legrandhoteltours.com\/wp-content\/uploads\/logos-confiance.png 836w, https:\/\/www.legrandhoteltours.com\/wp-content\/uploads\/logos-confiance-300x143.png 300w, https:\/\/www.legrandhoteltours.com\/wp-content\/uploads\/logos-confiance-768x367.png 768w, https:\/\/www.legrandhoteltours.com\/wp-content\/uploads\/logos-confiance-800x382.png 800w, https:\/\/www.legrandhoteltours.com\/wp-content\/uploads\/logos-confiance-500x239.png 500w, https:\/\/www.legrandhoteltours.com\/wp-content\/uploads\/logos-confiance-366x175.png 366w, https:\/\/www.legrandhoteltours.com\/wp-content\/uploads\/logos-confiance-405x193.png 405w\" sizes=\"auto, (max-width: 836px) 100vw, 836px\" \/><\/p>\n","protected":false},"excerpt":{"rendered":"<p>Gracias a nuestro equipo profesional y din\u00e1mico, El Grand H\u00f4tel de Tours le garantiza el \u00e9xito de su evento en un lugar dotado del confort moderno y en el que se respira el ambiente de los a\u00f1os 30. Para un seminario, una jornada de estudio, una formaci\u00f3n, un c\u00f3ctel, un showroom\u2026 \u00a1Estas grandes empresas conf\u00edan [&hellip;]<\/p>\n","protected":false},"author":5,"featured_media":0,"parent":3407,"menu_order":0,"comment_status":"closed","ping_status":"closed","template":"","meta":{"footnotes":""},"class_list":["post-3410","page","type-page","status-publish","hentry"],"_links":{"self":[{"href":"https:\/\/www.legrandhoteltours.com\/es\/wp-json\/wp\/v2\/pages\/3410","targetHints":{"allow":["GET"]}}],"collection":[{"href":"https:\/\/www.legrandhoteltours.com\/es\/wp-json\/wp\/v2\/pages"}],"about":[{"href":"https:\/\/www.legrandhoteltours.com\/es\/wp-json\/wp\/v2\/types\/page"}],"author":[{"embeddable":true,"href":"https:\/\/www.legrandhoteltours.com\/es\/wp-json\/wp\/v2\/users\/5"}],"replies":[{"embeddable":true,"href":"https:\/\/www.legrandhoteltours.com\/es\/wp-json\/wp\/v2\/comments?post=3410"}],"version-history":[{"count":2,"href":"https:\/\/www.legrandhoteltours.com\/es\/wp-json\/wp\/v2\/pages\/3410\/revisions"}],"predecessor-version":[{"id":3493,"href":"https:\/\/www.legrandhoteltours.com\/es\/wp-json\/wp\/v2\/pages\/3410\/revisions\/3493"}],"up":[{"embeddable":true,"href":"https:\/\/www.legrandhoteltours.com\/es\/wp-json\/wp\/v2\/pages\/3407"}],"wp:attachment":[{"href":"https:\/\/www.legrandhoteltours.com\/es\/wp-json\/wp\/v2\/media?parent=3410"}],"curies":[{"name":"wp","href":"https:\/\/api.w.org\/{rel}","templated":true}]}}