{"id":3401,"date":"2018-10-05T15:30:48","date_gmt":"2018-10-05T13:30:48","guid":{"rendered":"https:\/\/www.legrandhoteltours.com\/prestations\/mariages\/"},"modified":"2024-07-03T17:25:08","modified_gmt":"2024-07-03T15:25:08","slug":"bodas","status":"publish","type":"page","link":"https:\/\/www.legrandhoteltours.com\/es\/servicios\/bodas\/","title":{"rendered":"Bodas"},"content":{"rendered":"<p>Si est\u00e1 buscando un <strong>hotel para una boda<\/strong>, el Grand H\u00f4tel de Tours estar\u00e1 encantado de acogerle en el coraz\u00f3n del Valle del Loira, cerca de la Estaci\u00f3n de Tours. Seg\u00fan la disponibilidad, podr\u00e1 <strong>privatizar completa o parcialmente el hotel<\/strong> y reunir a sus invitados, familia y amigos, para una velada en un marco at\u00edpico y contempor\u00e1neo, confortable y acogedor, inspirado en el periodo art d\u00e9co de los a\u00f1os 30.<\/p>\n<p><strong>Las ventajas del Grand H\u00f4tel de Tours:<\/strong><\/p>\n<ul>\n<li>Un h\u00f4tel en el coraz\u00f3n de la ciudad, a 2 min de la estaci\u00f3n SNCF y de la sala de bodas del Ayuntamiento.<\/li>\n<li><strong>104 habitaciones y suites con encanto<\/strong> con capacidad para acoger de 1 a 5 personas.<\/li>\n<li>Desayuno buf\u00e9 servido hasta las 10.30 h y hasta las 11.00 h los domingos.<\/li>\n<li>Sal\u00f3n-bar: vinos del Valle del Loira, c\u00f3cteles, pizarra de embutidos y queso (con reserva).<\/li>\n<li>Situaci\u00f3n ideal en el Valle del Loira para visitar la regi\u00f3n de Turena y los castillos hist\u00f3ricos del Loira, sus jardines y vinos, etc.<\/li>\n<li>En TAV, Tours se encuentra a 1 h de Par\u00eds Montparnasse, 1 h 40 min de Nantes, 1 h 45 min de Roissy CDG, 2 h 30 min de Lille, 2 h 40 min de Burdeos y 3 h de Lyon.<\/li>\n<\/ul>\n","protected":false},"excerpt":{"rendered":"<p>Si est\u00e1 buscando un hotel para una boda, el Grand H\u00f4tel de Tours estar\u00e1 encantado de acogerle en el coraz\u00f3n del Valle del Loira, cerca de la Estaci\u00f3n de Tours. Seg\u00fan la disponibilidad, podr\u00e1 privatizar completa o parcialmente el hotel y reunir a sus invitados, familia y amigos, para una velada en un marco at\u00edpico [&hellip;]<\/p>\n","protected":false},"author":5,"featured_media":0,"parent":3392,"menu_order":0,"comment_status":"closed","ping_status":"closed","template":"","meta":{"footnotes":""},"class_list":["post-3401","page","type-page","status-publish","hentry"],"_links":{"self":[{"href":"https:\/\/www.legrandhoteltours.com\/es\/wp-json\/wp\/v2\/pages\/3401","targetHints":{"allow":["GET"]}}],"collection":[{"href":"https:\/\/www.legrandhoteltours.com\/es\/wp-json\/wp\/v2\/pages"}],"about":[{"href":"https:\/\/www.legrandhoteltours.com\/es\/wp-json\/wp\/v2\/types\/page"}],"author":[{"embeddable":true,"href":"https:\/\/www.legrandhoteltours.com\/es\/wp-json\/wp\/v2\/users\/5"}],"replies":[{"embeddable":true,"href":"https:\/\/www.legrandhoteltours.com\/es\/wp-json\/wp\/v2\/comments?post=3401"}],"version-history":[{"count":3,"href":"https:\/\/www.legrandhoteltours.com\/es\/wp-json\/wp\/v2\/pages\/3401\/revisions"}],"predecessor-version":[{"id":3464,"href":"https:\/\/www.legrandhoteltours.com\/es\/wp-json\/wp\/v2\/pages\/3401\/revisions\/3464"}],"up":[{"embeddable":true,"href":"https:\/\/www.legrandhoteltours.com\/es\/wp-json\/wp\/v2\/pages\/3392"}],"wp:attachment":[{"href":"https:\/\/www.legrandhoteltours.com\/es\/wp-json\/wp\/v2\/media?parent=3401"}],"curies":[{"name":"wp","href":"https:\/\/api.w.org\/{rel}","templated":true}]}}