{"id":3398,"date":"2019-01-15T10:07:23","date_gmt":"2019-01-15T09:07:23","guid":{"rendered":"https:\/\/www.legrandhoteltours.com\/prestations\/loire-a-velo\/"},"modified":"2024-07-03T17:23:18","modified_gmt":"2024-07-03T15:23:18","slug":"el-loira-en-bicicleta","status":"publish","type":"page","link":"https:\/\/www.legrandhoteltours.com\/es\/servicios\/el-loira-en-bicicleta\/","title":{"rendered":"el Loira en bicicleta"},"content":{"rendered":"<p>Un h\u00f4tel en Tours en plena ruta del Loira en bicicleta.<\/p>\n<p>El Grand H\u00f4tel de Tours se encuentra en la ruta del Loira en bicicleta. Nuestro h\u00f4tel tiene la etiqueta \u00abAccueil V\u00e9los\u00bb (etiqueta francesa de bienvenida a la bicicleta): Kit de reparaci\u00f3n de bicicletas, posibilidad de reservar bicicletas a trav\u00e9s de nuestro socio, local seguro para bicicletas, posibilidad de picnics para llevar\u2026 Disponemos de un local seguro para bicicletas que le permitir\u00e1 descansar completamente tranquilo.<\/p>\n<p>\u00bfQu\u00e9 es el Loira en bicicleta?<\/p>\n<p>El Loira en bicicleta es la ruta ideal para una experiencia de viaje en bicicleta . Podr\u00e1 viajar por sus 900 km completamente se\u00f1alizados de forma segura y descubrir una de las m\u00e1s bellas regiones de Francia y su excepcional patrimonio, gran parte del cual figura en la lista del Patrimonio Mundial de la UNESCO.<\/p>\n","protected":false},"excerpt":{"rendered":"<p>Un h\u00f4tel en Tours en plena ruta del Loira en bicicleta. El Grand H\u00f4tel de Tours se encuentra en la ruta del Loira en bicicleta. Nuestro h\u00f4tel tiene la etiqueta \u00abAccueil V\u00e9los\u00bb (etiqueta francesa de bienvenida a la bicicleta): Kit de reparaci\u00f3n de bicicletas, posibilidad de reservar bicicletas a trav\u00e9s de nuestro socio, local seguro [&hellip;]<\/p>\n","protected":false},"author":5,"featured_media":1832,"parent":3392,"menu_order":0,"comment_status":"closed","ping_status":"closed","template":"","meta":{"footnotes":""},"class_list":["post-3398","page","type-page","status-publish","has-post-thumbnail","hentry"],"_links":{"self":[{"href":"https:\/\/www.legrandhoteltours.com\/es\/wp-json\/wp\/v2\/pages\/3398","targetHints":{"allow":["GET"]}}],"collection":[{"href":"https:\/\/www.legrandhoteltours.com\/es\/wp-json\/wp\/v2\/pages"}],"about":[{"href":"https:\/\/www.legrandhoteltours.com\/es\/wp-json\/wp\/v2\/types\/page"}],"author":[{"embeddable":true,"href":"https:\/\/www.legrandhoteltours.com\/es\/wp-json\/wp\/v2\/users\/5"}],"replies":[{"embeddable":true,"href":"https:\/\/www.legrandhoteltours.com\/es\/wp-json\/wp\/v2\/comments?post=3398"}],"version-history":[{"count":4,"href":"https:\/\/www.legrandhoteltours.com\/es\/wp-json\/wp\/v2\/pages\/3398\/revisions"}],"predecessor-version":[{"id":3462,"href":"https:\/\/www.legrandhoteltours.com\/es\/wp-json\/wp\/v2\/pages\/3398\/revisions\/3462"}],"up":[{"embeddable":true,"href":"https:\/\/www.legrandhoteltours.com\/es\/wp-json\/wp\/v2\/pages\/3392"}],"wp:featuredmedia":[{"embeddable":true,"href":"https:\/\/www.legrandhoteltours.com\/es\/wp-json\/wp\/v2\/media\/1832"}],"wp:attachment":[{"href":"https:\/\/www.legrandhoteltours.com\/es\/wp-json\/wp\/v2\/media?parent=3398"}],"curies":[{"name":"wp","href":"https:\/\/api.w.org\/{rel}","templated":true}]}}