{"id":3395,"date":"2018-10-05T15:30:50","date_gmt":"2018-10-05T13:30:50","guid":{"rendered":"https:\/\/www.legrandhoteltours.com\/prestations\/groupes\/"},"modified":"2024-07-03T17:20:30","modified_gmt":"2024-07-03T15:20:30","slug":"grupos","status":"publish","type":"page","link":"https:\/\/www.legrandhoteltours.com\/es\/servicios\/grupos\/","title":{"rendered":"Grupos"},"content":{"rendered":"<p>El Grand H\u00f4tel de Tours hace todo lo posible para acogerle en grupo con el mayor confort en funci\u00f3n de sus preferencias y necesidades: 104 habitaciones y suites con encanto, salas de reuni\u00f3n, sal\u00f3n-bar, restaurantes en las inmediaciones, servicios personalizados, etc.<\/p>\n<p>Todas nuestras habitaciones tienen la opci\u00f3n de tener una cama doble o dos individuales. Disponen de una caja fuerte y una bandeja de cortes\u00eda y, adem\u00e1s, tienen aire acondicionado.<\/p>\n<p>Idealmente situado en el centro de Tours, a dos pasos de la estaci\u00f3n SNCF, el hotel est\u00e1 completamente equipado para recibir a grupos para estancias tur\u00edsticas, viajes organizados y circuitos en autocar por el Valle del Loira, grupos de boda, clubs deportivos, asociaciones, comit\u00e9s de empresa, etc. Tiene a su disposici\u00f3n un aparcamiento de autobuses justo enfrente de la entrada del hotel.<\/p>\n<p>Para recibir un presupuesto personalizado, conocer la disponibilidad de alojamiento y las tarifas preferenciales para los grupos que visitan el Valle del Loira, no dude en ponerse en contacto con el Grand H\u00f4tel de Tours.<\/p>\n","protected":false},"excerpt":{"rendered":"<p>El Grand H\u00f4tel de Tours hace todo lo posible para acogerle en grupo con el mayor confort en funci\u00f3n de sus preferencias y necesidades: 104 habitaciones y suites con encanto, salas de reuni\u00f3n, sal\u00f3n-bar, restaurantes en las inmediaciones, servicios personalizados, etc. Todas nuestras habitaciones tienen la opci\u00f3n de tener una cama doble o dos individuales. [&hellip;]<\/p>\n","protected":false},"author":5,"featured_media":1679,"parent":3392,"menu_order":0,"comment_status":"closed","ping_status":"closed","template":"","meta":{"footnotes":""},"class_list":["post-3395","page","type-page","status-publish","has-post-thumbnail","hentry"],"_links":{"self":[{"href":"https:\/\/www.legrandhoteltours.com\/es\/wp-json\/wp\/v2\/pages\/3395","targetHints":{"allow":["GET"]}}],"collection":[{"href":"https:\/\/www.legrandhoteltours.com\/es\/wp-json\/wp\/v2\/pages"}],"about":[{"href":"https:\/\/www.legrandhoteltours.com\/es\/wp-json\/wp\/v2\/types\/page"}],"author":[{"embeddable":true,"href":"https:\/\/www.legrandhoteltours.com\/es\/wp-json\/wp\/v2\/users\/5"}],"replies":[{"embeddable":true,"href":"https:\/\/www.legrandhoteltours.com\/es\/wp-json\/wp\/v2\/comments?post=3395"}],"version-history":[{"count":2,"href":"https:\/\/www.legrandhoteltours.com\/es\/wp-json\/wp\/v2\/pages\/3395\/revisions"}],"predecessor-version":[{"id":3459,"href":"https:\/\/www.legrandhoteltours.com\/es\/wp-json\/wp\/v2\/pages\/3395\/revisions\/3459"}],"up":[{"embeddable":true,"href":"https:\/\/www.legrandhoteltours.com\/es\/wp-json\/wp\/v2\/pages\/3392"}],"wp:featuredmedia":[{"embeddable":true,"href":"https:\/\/www.legrandhoteltours.com\/es\/wp-json\/wp\/v2\/media\/1679"}],"wp:attachment":[{"href":"https:\/\/www.legrandhoteltours.com\/es\/wp-json\/wp\/v2\/media?parent=3395"}],"curies":[{"name":"wp","href":"https:\/\/api.w.org\/{rel}","templated":true}]}}