{"id":3392,"date":"2018-10-05T15:30:39","date_gmt":"2018-10-05T13:30:39","guid":{"rendered":"https:\/\/www.legrandhoteltours.com\/prestations\/"},"modified":"2024-12-18T04:39:15","modified_gmt":"2024-12-18T03:39:15","slug":"servicios","status":"publish","type":"page","link":"https:\/\/www.legrandhoteltours.com\/es\/servicios\/","title":{"rendered":"Servicios"},"content":{"rendered":"<p>El Grand H\u00f4tel de Tours ofrece una gama completa de servicios: habitaciones, por supuesto, pero tambi\u00e9n bar, servicio de habitaciones, restaurante, salas para seminarios, desayuno, mozo de equipajes, servicio de plancha, juegos para ni\u00f1os.<\/p>\n<p>Para una estancia individual o en grupo, p\u00f3ngase en contacto con nosotros e inf\u00f3rmese.<\/p>\n","protected":false},"excerpt":{"rendered":"<p>El Grand H\u00f4tel de Tours ofrece una gama completa de servicios: habitaciones, por supuesto, pero tambi\u00e9n bar, servicio de habitaciones, restaurante, salas para seminarios, desayuno, mozo de equipajes, servicio de plancha, juegos para ni\u00f1os. Para una estancia individual o en grupo, p\u00f3ngase en contacto con nosotros e inf\u00f3rmese.<\/p>\n","protected":false},"author":5,"featured_media":0,"parent":0,"menu_order":0,"comment_status":"closed","ping_status":"closed","template":"","meta":{"footnotes":""},"class_list":["post-3392","page","type-page","status-publish","hentry"],"_links":{"self":[{"href":"https:\/\/www.legrandhoteltours.com\/es\/wp-json\/wp\/v2\/pages\/3392","targetHints":{"allow":["GET"]}}],"collection":[{"href":"https:\/\/www.legrandhoteltours.com\/es\/wp-json\/wp\/v2\/pages"}],"about":[{"href":"https:\/\/www.legrandhoteltours.com\/es\/wp-json\/wp\/v2\/types\/page"}],"author":[{"embeddable":true,"href":"https:\/\/www.legrandhoteltours.com\/es\/wp-json\/wp\/v2\/users\/5"}],"replies":[{"embeddable":true,"href":"https:\/\/www.legrandhoteltours.com\/es\/wp-json\/wp\/v2\/comments?post=3392"}],"version-history":[{"count":4,"href":"https:\/\/www.legrandhoteltours.com\/es\/wp-json\/wp\/v2\/pages\/3392\/revisions"}],"predecessor-version":[{"id":3458,"href":"https:\/\/www.legrandhoteltours.com\/es\/wp-json\/wp\/v2\/pages\/3392\/revisions\/3458"}],"wp:attachment":[{"href":"https:\/\/www.legrandhoteltours.com\/es\/wp-json\/wp\/v2\/media?parent=3392"}],"curies":[{"name":"wp","href":"https:\/\/api.w.org\/{rel}","templated":true}]}}