{"id":3389,"date":"2018-10-05T14:23:52","date_gmt":"2018-10-05T12:23:52","guid":{"rendered":"https:\/\/www.legrandhoteltours.com\/politique-de-confidentialite\/"},"modified":"2024-07-03T17:58:55","modified_gmt":"2024-07-03T15:58:55","slug":"politica-de-confidencialidad","status":"publish","type":"page","link":"https:\/\/www.legrandhoteltours.com\/es\/politica-de-confidencialidad\/","title":{"rendered":"Pol\u00edtica de confidencialidad"},"content":{"rendered":"<h2>\u00bfQui\u00e9nes somos?<\/h2>\n<p>La direcci\u00f3n de nuestro sitio web es: https:\/\/www.legrandhoteltours.com.<\/p>\n<h2>Uso de los datos personales recopilados<\/h2>\n<h3>Comentarios<\/h3>\n<p>Cuando usted deja un comentario en nuestro sitio web, recopilamos los datos introducidos en el formulario de comentario, adem\u00e1s de su direcci\u00f3n IP y el agente de usuario de su navegador, para ayudarnos a detectar comentarios no deseados.<\/p>\n<p>Una cadena anonimizada creada a partir de su direcci\u00f3n de correo electr\u00f3nico (tambi\u00e9n llamada <em>hash<\/em>) puede enviarse al servicio Gravatar para comprobar si lo utiliza. Las cl\u00e1usulas de confidencialidad del servicio Gravatar est\u00e1n disponibles aqu\u00ed: https:\/\/automattic.com\/privacy\/. Tras la validaci\u00f3n de su comentario, su foto de perfil aparecer\u00e1 publicada junto a este.<\/p>\n<h3>Medios de comunicaci\u00f3n<\/h3>\n<p>Si usted es un usuario o usuaria registrado(a) y sube im\u00e1genes al sitio web, le aconsejamos que evite subir im\u00e1genes que contengan datos EXIF de coordenadas GPS. Los visitantes de su sitio web pueden descargar y extraer datos de localizaci\u00f3n desde estas im\u00e1genes.<\/p>\n<h3>Formularios de contacto<\/h3>\n<h3>Cookies<\/h3>\n<p>Si deja un comentario en nuestro sitio web, le sugeriremos que guarde su nombre, direcci\u00f3n de correo electr\u00f3nico y sitio web en cookies. Lo hacemos \u00fanicamente por su comodidad, para que no tenga que volver a introducir esta informaci\u00f3n en el caso de que deje m\u00e1s tarde otro comentario. Estas cookies expiran al cabo de un a\u00f1o.<\/p>\n<p>Si tiene una cuenta y se conecta a este sitio web, se crear\u00e1 una cookie temporal para determinar si su navegador acepta las cookies. No contiene datos personales y ser\u00e1 eliminada autom\u00e1ticamente cuando cierre su navegador.<\/p>\n<p>Cuando se conecte, generaremos una serie de cookies para registrar su informaci\u00f3n de conexi\u00f3n y sus preferencias de pantalla. La vida \u00fatil de una cookie de conexi\u00f3n es de dos d\u00edas, la de una cookie de opci\u00f3n de pantalla es de un a\u00f1o. Si selecciona \u00abRecordarme\u00bb, su cookie de conexi\u00f3n se conservar\u00e1 durante dos semanas. Si se desconecta de su cuenta, la cookie de conexi\u00f3n se borrar\u00e1.<\/p>\n<p>Modificando o publicando una publicaci\u00f3n, se generar\u00e1 una cookie adicional en su navegador. Esta cookie no contiene ning\u00fan dato personal. Simplemente indica el ID de la publicaci\u00f3n que acaba de modificar. Expira al cabo de un d\u00eda.<\/p>\n<h3>Contenido incrustado de otros sitios web<\/h3>\n<p>Los art\u00edculos de este sitio web pueden incluir contenidos integrados (por ejemplo, v\u00eddeos, im\u00e1genes, art\u00edculos, etc.). El contenido integrado de otros sitios web se comporta de la misma forma que si el visitante estuviera visitando ese otro sitio web.<\/p>\n<p>Estos sitios web podr\u00edan recopilar datos relativos a su persona, utilizar cookies, embarcar herramientas de seguimiento de terceros, seguir sus interacciones con estos contenidos embarcados de terceros si dispone de una cuenta conectada en su sitio web.<\/p>\n<h3>Estad\u00edsticas y medici\u00f3n de audiencias<\/h3>\n<h2>Uso y transmisi\u00f3n de sus datos personales<\/h2>\n<h2>Duraci\u00f3n de almacenamiento de sus datos<\/h2>\n<p>Si deja un comentario, el comentario y sus metadatos se conservan definitivamente. Esto permite reconocer y aprobar autom\u00e1ticamente los comentarios siguientes en lugar de mantenerlos en una cola de moderaci\u00f3n.<\/p>\n<p>De los usuarios y usuarias que se registran en nuestro sitio web (si los hay), tambi\u00e9n almacenamos los datos personales proporcionados en su perfil. Todos los usuarios y usuarias pueden ver, modificar o suprimir la informaci\u00f3n personal en cualquier momento (a excepci\u00f3n de su nombre de usuario\/a). Los administradores del sitio web tambi\u00e9n pueden ver y modificar esta informaci\u00f3n.<\/p>\n<h2>Qu\u00e9 derechos tiene sobre sus datos<\/h2>\n<p>Si tiene una cuenta o ha dejado comentarios en el sitio web, puede solicitar recibir un archivo con todos los datos personales que tenemos de usted, incluyendo los que nos ha proporcionado. Tambi\u00e9n puede pedir la supresi\u00f3n de los datos personales que le conciernen. Esto no incluye los datos almacenados con fines administrativos, legales o por razones de seguridad.<\/p>\n<h2>Transmisi\u00f3n de sus datos personales<\/h2>\n<p>Los comentarios de los visitantes pueden comprobarse con ayuda de un servicio automatizado de detecci\u00f3n de los comentarios no deseados.<\/p>\n<h2>Datos de contacto<\/h2>\n<h2>Informaci\u00f3n adicional<\/h2>\n<p>C\u00f3mo protegemos sus datos<\/p>\n<p>Procedimientos implementados en caso de fuga de datos<\/p>\n<p>Los servicios de terceros que nos transmiten datos<\/p>\n<p>Operaciones de marketing automatizado y\/o de elaboraci\u00f3n de perfiles realizados con datos personales<\/p>\n<p>Publicaci\u00f3n de la informaci\u00f3n relacionada con los sectores sujetos a normativas espec\u00edficas.<\/p>\n","protected":false},"excerpt":{"rendered":"<p>\u00bfQui\u00e9nes somos? La direcci\u00f3n de nuestro sitio web es: https:\/\/www.legrandhoteltours.com. Uso de los datos personales recopilados Comentarios Cuando usted deja un comentario en nuestro sitio web, recopilamos los datos introducidos en el formulario de comentario, adem\u00e1s de su direcci\u00f3n IP y el agente de usuario de su navegador, para ayudarnos a detectar comentarios no deseados. [&hellip;]<\/p>\n","protected":false},"author":5,"featured_media":0,"parent":0,"menu_order":0,"comment_status":"closed","ping_status":"open","template":"","meta":{"footnotes":""},"class_list":["post-3389","page","type-page","status-publish","hentry"],"_links":{"self":[{"href":"https:\/\/www.legrandhoteltours.com\/es\/wp-json\/wp\/v2\/pages\/3389","targetHints":{"allow":["GET"]}}],"collection":[{"href":"https:\/\/www.legrandhoteltours.com\/es\/wp-json\/wp\/v2\/pages"}],"about":[{"href":"https:\/\/www.legrandhoteltours.com\/es\/wp-json\/wp\/v2\/types\/page"}],"author":[{"embeddable":true,"href":"https:\/\/www.legrandhoteltours.com\/es\/wp-json\/wp\/v2\/users\/5"}],"replies":[{"embeddable":true,"href":"https:\/\/www.legrandhoteltours.com\/es\/wp-json\/wp\/v2\/comments?post=3389"}],"version-history":[{"count":2,"href":"https:\/\/www.legrandhoteltours.com\/es\/wp-json\/wp\/v2\/pages\/3389\/revisions"}],"predecessor-version":[{"id":3476,"href":"https:\/\/www.legrandhoteltours.com\/es\/wp-json\/wp\/v2\/pages\/3389\/revisions\/3476"}],"wp:attachment":[{"href":"https:\/\/www.legrandhoteltours.com\/es\/wp-json\/wp\/v2\/media?parent=3389"}],"curies":[{"name":"wp","href":"https:\/\/api.w.org\/{rel}","templated":true}]}}