{"id":3330,"date":"2018-10-05T15:30:46","date_gmt":"2018-10-05T13:30:46","guid":{"rendered":"https:\/\/www.legrandhoteltours.com\/mentions-legales\/"},"modified":"2024-07-03T17:57:20","modified_gmt":"2024-07-03T15:57:20","slug":"aviso-legal-politica-de-confidencialidad","status":"publish","type":"page","link":"https:\/\/www.legrandhoteltours.com\/es\/aviso-legal-politica-de-confidencialidad\/","title":{"rendered":"Aviso legal &#038; Pol\u00edtica de confidencialidad"},"content":{"rendered":"<h2 style=\"text-align: left;\">Aviso legal<\/h2>\n<h3><strong>Editor: <\/strong><\/h3>\n<ul>\n<li>El Grand H\u00f4tel de Tours<\/li>\n<li>9 Place du g\u00e9n\u00e9ral Leclerc<\/li>\n<li>37000 Tours<\/li>\n<li>Tel.: +33 (0)2 47 05 35 31<\/li>\n<li>S.R.L con un capital de 92 800 \u20ac &#8211; Registro de Comercio y de Sociedades de TOURS, n.\u00ba 59b24<\/li>\n<li>CNAE 5510Z \u2013 N.\u00b0 IVA FR 96 594 800 245<\/li>\n<\/ul>\n<p>&nbsp;<\/p>\n<h2 style=\"text-align: left;\">Uso de los datos personales recopilados<\/h2>\n<h3>Comentarios<\/h3>\n<p>Cuando usted deja un comentario en nuestro sitio web, recopilamos los datos introducidos en el formulario de comentario, adem\u00e1s de su direcci\u00f3n IP y el agente de usuario de su navegador, para ayudarnos a detectar comentarios no deseados.<\/p>\n<p>Una cadena anonimizada creada a partir de su direcci\u00f3n de correo electr\u00f3nico (tambi\u00e9n llamada <em>hash<\/em>) puede enviarse al servicio Gravatar para comprobar si lo utiliza. Las cl\u00e1usulas de confidencialidad del servicio Gravatar est\u00e1n disponibles aqu\u00ed: https:\/\/automattic.com\/privacy\/. Tras la validaci\u00f3n de su comentario, su foto de perfil aparecer\u00e1 publicada junto a este.<\/p>\n<h3>Medios de comunicaci\u00f3n<\/h3>\n<p>Si usted es un usuario o usuaria registrado(a) y sube im\u00e1genes al sitio web, le aconsejamos que evite subir im\u00e1genes que contengan datos EXIF de coordenadas GPS. Los visitantes de su sitio web pueden descargar y extraer datos de localizaci\u00f3n desde estas im\u00e1genes.<\/p>\n<h3>Cookies<\/h3>\n<p>Si deja un comentario en nuestro sitio web, le sugeriremos que guarde su nombre, direcci\u00f3n de correo electr\u00f3nico y sitio web en cookies. Lo hacemos \u00fanicamente por su comodidad, para que no tenga que volver a introducir esta informaci\u00f3n en el caso de que deje m\u00e1s tarde otro comentario. Estas cookies expiran al cabo de un a\u00f1o.<\/p>\n<p>Si tiene una cuenta y se conecta a este sitio web, se crear\u00e1 una cookie temporal para determinar si su navegador acepta las cookies. No contiene datos personales y ser\u00e1 eliminada autom\u00e1ticamente cuando cierre su navegador.<\/p>\n<p>Cuando se conecte, generaremos una serie de cookies para registrar su informaci\u00f3n de conexi\u00f3n y sus preferencias de pantalla. La vida \u00fatil de una cookie de conexi\u00f3n es de dos d\u00edas, la de una cookie de opci\u00f3n de pantalla es de un a\u00f1o. Si selecciona \u00abRecordarme\u00bb, su cookie de conexi\u00f3n se conservar\u00e1 durante dos semanas. Si se desconecta de su cuenta, la cookie de conexi\u00f3n se borrar\u00e1.<\/p>\n<p>Modificando o publicando una publicaci\u00f3n, se generar\u00e1 una cookie adicional en su navegador. Esta cookie no contiene ning\u00fan dato personal. Simplemente indica el ID de la publicaci\u00f3n que acaba de modificar. Expira al cabo de un d\u00eda.<\/p>\n<h3>Contenido incrustado de otros sitios web<\/h3>\n<p>Los art\u00edculos de este sitio web pueden incluir contenidos integrados (por ejemplo, v\u00eddeos, im\u00e1genes, art\u00edculos, etc.). El contenido integrado de otros sitios web se comporta de la misma forma que si el visitante estuviera visitando ese otro sitio web.<\/p>\n<p>Estos sitios web podr\u00edan recopilar datos relativos a su persona, utilizar cookies, embarcar herramientas de seguimiento de terceros, seguir sus interacciones con estos contenidos embarcados de terceros si dispone de una cuenta conectada en su sitio web.<\/p>\n<h3>Duraci\u00f3n de almacenamiento de sus datos<\/h3>\n<p>Si deja un comentario, el comentario y sus metadatos se conservan definitivamente. Esto permite reconocer y aprobar autom\u00e1ticamente los comentarios siguientes en lugar de mantenerlos en una cola de moderaci\u00f3n.<\/p>\n<p>De los usuarios y usuarias que se registran en nuestro sitio web (si los hay), tambi\u00e9n almacenamos los datos personales proporcionados en su perfil. Todos los usuarios y usuarias pueden ver, modificar o suprimir la informaci\u00f3n personal en cualquier momento (a excepci\u00f3n de su nombre de usuario\/a). Los administradores del sitio web tambi\u00e9n pueden ver y modificar esta informaci\u00f3n.<\/p>\n<h3>Qu\u00e9 derechos tiene sobre sus datos<\/h3>\n<p>Si tiene una cuenta o ha dejado comentarios en el sitio web, puede solicitar recibir un archivo con todos los datos personales que tenemos de usted, incluyendo los que nos ha proporcionado. Tambi\u00e9n puede pedir la supresi\u00f3n de los datos personales que le conciernen. Esto no incluye los datos almacenados con fines administrativos, legales o por razones de seguridad.<\/p>\n<h3>Transmisi\u00f3n de sus datos personales<\/h3>\n<p>Los comentarios de los visitantes pueden comprobarse con ayuda de un servicio automatizado de detecci\u00f3n de los comentarios no deseados.<\/p>\n<h3><\/h3>\n<p>Las marcas y logos que figuran en este sitio web son marcas registradas por el Grand H\u00f4tel.<\/p>\n<p>Cualquier reproducci\u00f3n, distribuci\u00f3n, modificaci\u00f3n, adaptaci\u00f3n, retransmisi\u00f3n o publicaci\u00f3n, incluso parcial, de estos diferentes elementos est\u00e1 estrictamente prohibida sin el consentimiento expreso y por escrito del Grand H\u00f4tel. Esta representaci\u00f3n o reproducci\u00f3n, por cualquier medio, constituye una infracci\u00f3n sancionada por los art\u00edculos L.335-2 y siguientes del C\u00f3digo de la Propiedad Intelectual franc\u00e9s. El incumplimiento de esta prohibici\u00f3n constituye una infracci\u00f3n que puede comprometer la responsabilidad civil y penal de infractor. Asimismo, el propietario de los Contenidos copiados podr\u00eda emprender una acci\u00f3n judicial contra usted.<\/p>\n<p>Las fotograf\u00edas que aparecen en este sitio web han sido realizadas por D. Erwan Fiquet, fot\u00f3grafo, bajo la direcci\u00f3n art\u00edstica de D. Yves Hayat.<\/p>\n<p>De conformidad con la Ley n.\u00ba 78-17 de 6 de enero de 1978 (modificada por la Ley 2004-801 de 6 de agosto de 2024, a su vez modificada por el Reglamento Europeo 2016\/679, efectivo el 25 de mayo de 2018), relativa a la inform\u00e1tica, los archivos y las libertades (denominada Ley de Inform\u00e1tica y Libertades), este sitio web, as\u00ed como el tratamiento automatizado de los datos nominativos realizados a partir de este sitio web han sido objeto de declaraciones a la Comisi\u00f3n Nacional de Inform\u00e1tica y Libertades (CNIL).<\/p>\n<p>El usuario de este sitio web queda informado de que los datos que proporciona en los formularios del sitio web son necesarios para responder a su solicitud y est\u00e1n destinados al Grand H\u00f4tel de Tours, responsable del tratamiento, con fines de gesti\u00f3n administrativa y comercial. De conformidad con la normativa en vigor, dispone de unos derechos de acceso, modificaci\u00f3n, rectificaci\u00f3n y supresi\u00f3n de los datos que le conciernen. Para ejercer este derecho de acceso, p\u00f3ngase en contacto con: Le Grand Hotel de Tours,\u00a09 Place du g\u00e9n\u00e9ral Leclerc,\u00a037000 Tours,\u00a0Tel.: +33 (0)2 47 05 35 31, mc.direction.ght@orange.fr<\/p>\n<p>La informaci\u00f3n contenida en este sitio web puede descargarse, reproducirse e imprimirse.<\/p>\n<p>No obstante, el editor formula reservas sobre el uso de la informaci\u00f3n contenida en este sitio web: la informaci\u00f3n no debe modificarse ni utilizarse con fines comerciales ni reproducirse sin menci\u00f3n del copyright.<\/p>\n<p>El Grand H\u00f4tel de Tours implementa todos los medios de que dispone para garantizar una informaci\u00f3n y una actualizaci\u00f3n fiables de su sitio web. No obstante, pueden producirse errores de omisi\u00f3n. Por lo tanto, el internauta deber\u00e1 comprobar la exactitud de la informaci\u00f3n con el Grand H\u00f4tel de Tours e informar de cualquier modificaci\u00f3n del sitio web que estime \u00fatil. El Grand H\u00f4tel no se hace responsable en ning\u00fan caso del uso hecho de esta informaci\u00f3n y de cualquier perjuicio directo o indirecto que podr\u00eda derivarse. Toda la informaci\u00f3n accesible a trav\u00e9s de este sitio web se proporciona en tal estado.<\/p>\n<p>El editor no da ninguna garant\u00eda, expl\u00edcita o impl\u00edcita, y no asume ninguna responsabilidad relativa al uso de esta informaci\u00f3n. El editor no se hace responsable de la exactitud, ni de los errores y omisiones contenidos en este sitio web, y se reserva el derecho de modificar en cualquier momento la informaci\u00f3n contenida, principalmente actualizando este sitio web.<\/p>\n<p>El Grand H\u00f4tel hace todo lo posible para proporcionar en su sitio web una informaci\u00f3n lo m\u00e1s precisa posible. La informaci\u00f3n que figura en el sitio web no es exhaustiva y las fotograf\u00edas no son contractuales. Toda la informaci\u00f3n contenida en el sitio web se facilita a t\u00edtulo informativo y est\u00e1 sujeta a cambios sin preaviso.<\/p>\n<p>Cualquier contenido descargado se hace a cuenta y riesgo del usuario y bajo su \u00fanica responsabilidad. En consecuencia, el Grand H\u00f4tel no se har\u00e1 responsable de cualquier da\u00f1o sufrido por el ordenador del usuario ni de cualquier p\u00e9rdida de datos resultante de la descarga. Por otro lado, el usuario del sitio web se compromete a acceder al sitio web utilizando equipos de \u00faltima generaci\u00f3n que no contengan virus y con un navegador actualizado.<\/p>\n<p>&nbsp;<\/p>\n<h3><\/h3>\n","protected":false},"excerpt":{"rendered":"<p>Aviso legal Editor: El Grand H\u00f4tel de Tours 9 Place du g\u00e9n\u00e9ral Leclerc 37000 Tours Tel.: +33 (0)2 47 05 35 31 S.R.L con un capital de 92 800 \u20ac &#8211; Registro de Comercio y de Sociedades de TOURS, n.\u00ba 59b24 CNAE 5510Z \u2013 N.\u00b0 IVA FR 96 594 800 245 &nbsp; Uso de los [&hellip;]<\/p>\n","protected":false},"author":5,"featured_media":0,"parent":0,"menu_order":0,"comment_status":"closed","ping_status":"closed","template":"","meta":{"footnotes":""},"class_list":["post-3330","page","type-page","status-publish","hentry"],"_links":{"self":[{"href":"https:\/\/www.legrandhoteltours.com\/es\/wp-json\/wp\/v2\/pages\/3330","targetHints":{"allow":["GET"]}}],"collection":[{"href":"https:\/\/www.legrandhoteltours.com\/es\/wp-json\/wp\/v2\/pages"}],"about":[{"href":"https:\/\/www.legrandhoteltours.com\/es\/wp-json\/wp\/v2\/types\/page"}],"author":[{"embeddable":true,"href":"https:\/\/www.legrandhoteltours.com\/es\/wp-json\/wp\/v2\/users\/5"}],"replies":[{"embeddable":true,"href":"https:\/\/www.legrandhoteltours.com\/es\/wp-json\/wp\/v2\/comments?post=3330"}],"version-history":[{"count":3,"href":"https:\/\/www.legrandhoteltours.com\/es\/wp-json\/wp\/v2\/pages\/3330\/revisions"}],"predecessor-version":[{"id":3475,"href":"https:\/\/www.legrandhoteltours.com\/es\/wp-json\/wp\/v2\/pages\/3330\/revisions\/3475"}],"wp:attachment":[{"href":"https:\/\/www.legrandhoteltours.com\/es\/wp-json\/wp\/v2\/media?parent=3330"}],"curies":[{"name":"wp","href":"https:\/\/api.w.org\/{rel}","templated":true}]}}