{"id":3315,"date":"2018-11-13T11:00:34","date_gmt":"2018-11-13T10:00:34","guid":{"rendered":"https:\/\/www.legrandhoteltours.com\/location-de-salle\/salle-le-corbusier\/"},"modified":"2024-07-03T17:49:17","modified_gmt":"2024-07-03T15:49:17","slug":"salle-le-corbusier","status":"publish","type":"page","link":"https:\/\/www.legrandhoteltours.com\/es\/alquiler-de-sala-en-tours\/salle-le-corbusier\/","title":{"rendered":"Salle Le Corbusier"},"content":{"rendered":"<p>La sala Le Corbusier est\u00e1 situada en la primera planta, con acceso en ascensor.<\/p>\n<p>Es una sala muy espaciosa de 110 m\u00b2 , ideal para sus reuniones, conferencias, <em>showroom<\/em>, sesiones de formaci\u00f3n, c\u00f3cteles, momentos de convivencia, proyecciones de v\u00eddeo, etc.<\/p>\n<p>Posibilidad de un punto de agua en una sala comunicada.<\/p>\n<p>&nbsp;<\/p>\n<p><strong>Capacidad de la sala Le Corbusier en funci\u00f3n de las distintas distribuciones posibles:<\/strong><\/p>\n<table class=\"oct_table_salle\">\n<tbody>\n<tr>\n<td><img data-dominant-color=\"d5d5d5\" data-has-transparency=\"false\" style=\"--dominant-color: #d5d5d5;\" decoding=\"async\" class=\"aligncenter wp-image-332 not-transparent\" src=\"https:\/\/www.legrandhoteltours.com\/wp-content\/uploads\/photo-636295010295298358-1.jpeg\" alt=\"\"><\/td>\n<td><img data-dominant-color=\"c7c7c7\" data-has-transparency=\"false\" style=\"--dominant-color: #c7c7c7;\" decoding=\"async\" class=\"wp-image-334 aligncenter not-transparent\" src=\"https:\/\/www.legrandhoteltours.com\/wp-content\/uploads\/photo-636295010446901832-1.jpeg\" alt=\"\"><\/td>\n<td><img data-dominant-color=\"cecece\" data-has-transparency=\"false\" style=\"--dominant-color: #cecece;\" decoding=\"async\" class=\"aligncenter wp-image-336 not-transparent\" src=\"https:\/\/www.legrandhoteltours.com\/wp-content\/uploads\/photo-636295010509459206-1.jpeg\" alt=\"\"><\/td>\n<td><img data-dominant-color=\"dddddd\" data-has-transparency=\"false\" style=\"--dominant-color: #dddddd;\" decoding=\"async\" class=\"aligncenter wp-image-338 not-transparent\" src=\"https:\/\/www.legrandhoteltours.com\/wp-content\/uploads\/photo-636295010660396884-1.jpeg\" alt=\"\"><\/td>\n<td><img data-dominant-color=\"d9d9d9\" data-has-transparency=\"false\" style=\"--dominant-color: #d9d9d9;\" decoding=\"async\" class=\"aligncenter wp-image-340 not-transparent\" src=\"https:\/\/www.legrandhoteltours.com\/wp-content\/uploads\/photo-636295010707897016-1.jpeg\" alt=\"\"><\/td>\n<td><img data-dominant-color=\"d4d4d4\" data-has-transparency=\"false\" style=\"--dominant-color: #d4d4d4;\" decoding=\"async\" class=\"aligncenter wp-image-342 not-transparent\" src=\"https:\/\/www.legrandhoteltours.com\/wp-content\/uploads\/photo-636295010742287825-1.jpeg\" alt=\"\"><\/td>\n<\/tr>\n<tr>\n<td>\n<h3 style=\"text-align: center;\">25<\/h3>\n<\/td>\n<td>\n<h3 style=\"text-align: center;\">25<\/h3>\n<\/td>\n<td>\n<h3 style=\"text-align: center;\">35<\/h3>\n<\/td>\n<td>\n<h3 style=\"text-align: center;\">80<\/h3>\n<\/td>\n<td>\n<h3 style=\"text-align: center;\">70<\/h3>\n<\/td>\n<td>\n<h3 style=\"text-align: center;\">50<\/h3>\n<\/td>\n<\/tr>\n<\/tbody>\n<\/table>\n<p>&nbsp;<\/p>\n<p>El Grand H\u00f4tel de Tours ofrece diversas f\u00f3rmulas de restauraci\u00f3n para sus seminarios: almuerzos en el hotel o en el exterior (en un restaurante asociado a 2 pasos del hotel), bandejas de comida, desayunos de negocios, c\u00f3cteles-almuerzo o c\u00f3cteles-cena, todos ellos adaptables a los horarios y necesidades de sus eventos.<\/p>\n<p><strong>Las salas tienen aire acondicionado, luz natural y cuentan con el siguiente equipamiento:<\/strong><\/p>\n<ul>\n<li>Conexi\u00f3n internet WIFI<\/li>\n<li>Pantalla<\/li>\n<li>Videoproyector<\/li>\n<li>M\u00e1quina de caf\u00e9<\/li>\n<li>Rotafolio<\/li>\n<li>Material de papeler\u00eda<\/li>\n<li>Agua para las mesas<\/li>\n<li>Previa petici\u00f3n, podremos proporcionarle un equipamiento espec\u00edfico (videoproyector, equipo de sonido, nevera, espejos, biombos, etc.).<\/li>\n<\/ul>\n<p>&nbsp;<\/p>\n","protected":false},"excerpt":{"rendered":"<p>La sala Le Corbusier est\u00e1 situada en la primera planta, con acceso en ascensor. Es una sala muy espaciosa de 110 m\u00b2 , ideal para sus reuniones, conferencias, showroom, sesiones de formaci\u00f3n, c\u00f3cteles, momentos de convivencia, proyecciones de v\u00eddeo, etc. Posibilidad de un punto de agua en una sala comunicada. &nbsp; Capacidad de la sala [&hellip;]<\/p>\n","protected":false},"author":5,"featured_media":1707,"parent":3304,"menu_order":0,"comment_status":"closed","ping_status":"closed","template":"","meta":{"footnotes":""},"class_list":["post-3315","page","type-page","status-publish","has-post-thumbnail","hentry"],"_links":{"self":[{"href":"https:\/\/www.legrandhoteltours.com\/es\/wp-json\/wp\/v2\/pages\/3315","targetHints":{"allow":["GET"]}}],"collection":[{"href":"https:\/\/www.legrandhoteltours.com\/es\/wp-json\/wp\/v2\/pages"}],"about":[{"href":"https:\/\/www.legrandhoteltours.com\/es\/wp-json\/wp\/v2\/types\/page"}],"author":[{"embeddable":true,"href":"https:\/\/www.legrandhoteltours.com\/es\/wp-json\/wp\/v2\/users\/5"}],"replies":[{"embeddable":true,"href":"https:\/\/www.legrandhoteltours.com\/es\/wp-json\/wp\/v2\/comments?post=3315"}],"version-history":[{"count":2,"href":"https:\/\/www.legrandhoteltours.com\/es\/wp-json\/wp\/v2\/pages\/3315\/revisions"}],"predecessor-version":[{"id":3470,"href":"https:\/\/www.legrandhoteltours.com\/es\/wp-json\/wp\/v2\/pages\/3315\/revisions\/3470"}],"up":[{"embeddable":true,"href":"https:\/\/www.legrandhoteltours.com\/es\/wp-json\/wp\/v2\/pages\/3304"}],"wp:featuredmedia":[{"embeddable":true,"href":"https:\/\/www.legrandhoteltours.com\/es\/wp-json\/wp\/v2\/media\/1707"}],"wp:attachment":[{"href":"https:\/\/www.legrandhoteltours.com\/es\/wp-json\/wp\/v2\/media?parent=3315"}],"curies":[{"name":"wp","href":"https:\/\/api.w.org\/{rel}","templated":true}]}}