{"id":3304,"date":"2018-11-13T10:57:45","date_gmt":"2018-11-13T09:57:45","guid":{"rendered":"https:\/\/www.legrandhoteltours.com\/location-de-salle\/"},"modified":"2024-07-03T17:54:15","modified_gmt":"2024-07-03T15:54:15","slug":"alquiler-de-sala-en-tours","status":"publish","type":"page","link":"https:\/\/www.legrandhoteltours.com\/es\/alquiler-de-sala-en-tours\/","title":{"rendered":"Alquiler de sala en Tours"},"content":{"rendered":"<div class=\"texteRub\">\n<p>El Grand H\u00f4tel de Tours le ofrece el servicio de <strong>alquiler de salas<\/strong>\u00a0para organizar reuniones, jornadas o medias jornadas de estudio, formaci\u00f3n, reuniones profesionales, <em>showroom<\/em>, lanzamiento y presentaci\u00f3n de productos, conferencias, convenciones, c\u00f3cteles, etc. Idealmente situado <em>entre la estaci\u00f3n y el Palacio de Congresos<\/em> \u00abVinci\u00bb de Tours, el hotel pone a su disposici\u00f3n <strong>5\u00a0salas disponibles para alquiler<\/strong>\u00a0con luz natural y aire acondicionado. Todas las salas cuentan con el siguiente equipamiento: conexi\u00f3n WIFI, pantalla, rotafolio, videoproyector, material de papeler\u00eda, agua para las mesas.Previa petici\u00f3n, podremos proporcionarle un equipamiento espec\u00edfico (videoproyector, equipo de sonido, nevera, espejos, biombos, etc.).<\/p>\n<p>Ofrecemos un <strong>servicio de restauraci\u00f3n<\/strong> con diferentes opciones de men\u00fas, buf\u00e9s y c\u00f3cteles-cena, que se adapta a los horarios y necesidades de sus eventos.<\/p>\n<p><a href=\"https:\/\/www.legrandhoteltours.com\/contact\/\">Presupuestos personalizados previa petici\u00f3n<\/a><\/p>\n<p>Para m\u00e1s informaci\u00f3n, p\u00f3ngase en contacto con nosotros en el 02.47.05.35.31.<\/p>\n<\/div>\n","protected":false},"excerpt":{"rendered":"<p>El Grand H\u00f4tel de Tours le ofrece el servicio de alquiler de salas\u00a0para organizar reuniones, jornadas o medias jornadas de estudio, formaci\u00f3n, reuniones profesionales, showroom, lanzamiento y presentaci\u00f3n de productos, conferencias, convenciones, c\u00f3cteles, etc. Idealmente situado entre la estaci\u00f3n y el Palacio de Congresos \u00abVinci\u00bb de Tours, el hotel pone a su disposici\u00f3n 5\u00a0salas disponibles [&hellip;]<\/p>\n","protected":false},"author":5,"featured_media":0,"parent":0,"menu_order":0,"comment_status":"closed","ping_status":"closed","template":"","meta":{"footnotes":""},"class_list":["post-3304","page","type-page","status-publish","hentry"],"_links":{"self":[{"href":"https:\/\/www.legrandhoteltours.com\/es\/wp-json\/wp\/v2\/pages\/3304","targetHints":{"allow":["GET"]}}],"collection":[{"href":"https:\/\/www.legrandhoteltours.com\/es\/wp-json\/wp\/v2\/pages"}],"about":[{"href":"https:\/\/www.legrandhoteltours.com\/es\/wp-json\/wp\/v2\/types\/page"}],"author":[{"embeddable":true,"href":"https:\/\/www.legrandhoteltours.com\/es\/wp-json\/wp\/v2\/users\/5"}],"replies":[{"embeddable":true,"href":"https:\/\/www.legrandhoteltours.com\/es\/wp-json\/wp\/v2\/comments?post=3304"}],"version-history":[{"count":3,"href":"https:\/\/www.legrandhoteltours.com\/es\/wp-json\/wp\/v2\/pages\/3304\/revisions"}],"predecessor-version":[{"id":3467,"href":"https:\/\/www.legrandhoteltours.com\/es\/wp-json\/wp\/v2\/pages\/3304\/revisions\/3467"}],"wp:attachment":[{"href":"https:\/\/www.legrandhoteltours.com\/es\/wp-json\/wp\/v2\/media?parent=3304"}],"curies":[{"name":"wp","href":"https:\/\/api.w.org\/{rel}","templated":true}]}}