{"id":3301,"date":"2018-10-05T15:28:07","date_gmt":"2018-10-05T13:28:07","guid":{"rendered":"https:\/\/www.legrandhoteltours.com\/hotel\/"},"modified":"2024-12-18T05:02:16","modified_gmt":"2024-12-18T04:02:16","slug":"el-hotel","status":"publish","type":"page","link":"https:\/\/www.legrandhoteltours.com\/es\/el-hotel\/","title":{"rendered":"El hotel"},"content":{"rendered":"<p>El Grand H\u00f4tel de Tours, construido en 1927, le sumerge en los a\u00f1os 30 gracias a la conservaci\u00f3n de la decoraci\u00f3n del arquitecto Pierre Chareau.<\/p>\n","protected":false},"excerpt":{"rendered":"<p>El Grand H\u00f4tel de Tours, construido en 1927, le sumerge en los a\u00f1os 30 gracias a la conservaci\u00f3n de la decoraci\u00f3n del arquitecto Pierre Chareau.<\/p>\n","protected":false},"author":5,"featured_media":0,"parent":0,"menu_order":0,"comment_status":"closed","ping_status":"closed","template":"","meta":{"footnotes":""},"class_list":["post-3301","page","type-page","status-publish","hentry"],"_links":{"self":[{"href":"https:\/\/www.legrandhoteltours.com\/es\/wp-json\/wp\/v2\/pages\/3301","targetHints":{"allow":["GET"]}}],"collection":[{"href":"https:\/\/www.legrandhoteltours.com\/es\/wp-json\/wp\/v2\/pages"}],"about":[{"href":"https:\/\/www.legrandhoteltours.com\/es\/wp-json\/wp\/v2\/types\/page"}],"author":[{"embeddable":true,"href":"https:\/\/www.legrandhoteltours.com\/es\/wp-json\/wp\/v2\/users\/5"}],"replies":[{"embeddable":true,"href":"https:\/\/www.legrandhoteltours.com\/es\/wp-json\/wp\/v2\/comments?post=3301"}],"version-history":[{"count":3,"href":"https:\/\/www.legrandhoteltours.com\/es\/wp-json\/wp\/v2\/pages\/3301\/revisions"}],"predecessor-version":[{"id":3442,"href":"https:\/\/www.legrandhoteltours.com\/es\/wp-json\/wp\/v2\/pages\/3301\/revisions\/3442"}],"wp:attachment":[{"href":"https:\/\/www.legrandhoteltours.com\/es\/wp-json\/wp\/v2\/media?parent=3301"}],"curies":[{"name":"wp","href":"https:\/\/api.w.org\/{rel}","templated":true}]}}