{"id":576,"date":"2018-10-05T15:30:52","date_gmt":"2018-10-05T13:30:52","guid":{"rendered":"https:\/\/www.legrandhoteltours.com\/contact\/"},"modified":"2019-01-11T17:47:05","modified_gmt":"2019-01-11T16:47:05","slug":"access-contact","status":"publish","type":"page","link":"https:\/\/www.legrandhoteltours.com\/en\/access-contact\/","title":{"rendered":"Access &#038; Contact"},"content":{"rendered":"<p style=\"text-align: center;\"><strong><a class=\"Nom\" title=\"Le Grand H\u00f4tel de Tours - Tours\" href=\"https:\/\/www.legrandhoteltours.com\/\">Le Grand H\u00f4tel de Tours<\/a><\/strong><br \/>\n<span class=\"ad\">9, place du G\u00e9n\u00e9ral Leclerc<\/span><br \/>\n<span class=\"ad\">37000 Tours<\/span><\/p>\n<p style=\"text-align: center;\"><a class=\"tel\" title=\"\" href=\"tel:33247053531\">T\u00e9l : 33 (0) 2 47 05 35 31<\/a><br \/>\n<span class=\"ad fax\">Fax : 33 (0) 2 47 64 10 77<\/span><\/p>\n<p style=\"text-align: center;\">contact@legrandhoteltours.com<\/p>\n<div class=\"map-responsive\"><div class=\"map-responsive-container\"><iframe loading=\"lazy\" src=\"https:\/\/www.google.com\/maps\/d\/u\/0\/embed?mid=1lY6HJlekF95lLMGN1XsYzpDBwo4vTlLf\" width=\"640\" height=\"480\"><\/iframe><\/div><\/div>\n<p>Coordonn\u00e9es GPS\u00a0:<\/p>\n<ul>\n<li>LONGITUDE 0.69.2600<\/li>\n<li>LATITUDE 47.389866<\/li>\n<\/ul>\n<p>&nbsp;<\/p>\n<p><strong>By car<\/strong>\u00a0: Take Highway A10, Exit 21, Tours-centre, 5 minutes direction &#8220;Gare SNCF&#8221;<\/p>\n<p><strong>By train<\/strong>\u00a0: Stop at &#8220;gare SNCF Tours centre&#8221;, the hotel is right in front of the Train Station<\/p>\n<p><strong>By Bus<\/strong>\u00a0: Stop at &#8220;gare SNCF Tours centre&#8221;<\/p>\n<p><strong>By tramway<\/strong>\u00a0: Stop at &#8220;gare SNCF Tours centre&#8221;, the hotel is on the left into the pedetrian way.<\/p>\n<p><strong>By plane<\/strong>\u00a0: Airport de Tours (TUF) is located 15km from the Hotel, take Highway A10, Exit 21, Tours-centre, 5 minutes direction &#8220;Gare SNCF&#8221;<\/p>\n<p><img data-dominant-color=\"d8d7d4\" data-has-transparency=\"false\" style=\"--dominant-color: #d8d7d4;\" loading=\"lazy\" decoding=\"async\" class=\"aligncenter wp-image-472 size-full not-transparent\" src=\"https:\/\/www.legrandhoteltours.com\/wp-content\/uploads\/acces-grand-hotel-de-tours.jpg\" alt=\"\" width=\"868\" height=\"728\"><\/p>\n","protected":false},"excerpt":{"rendered":"<p>Le Grand H\u00f4tel de Tours 9, place du G\u00e9n\u00e9ral Leclerc 37000 Tours T\u00e9l : 33 (0) 2 47 05 35 31 Fax : 33 (0) 2 47 64 10 77 contact@legrandhoteltours.com Coordonn\u00e9es GPS\u00a0: LONGITUDE 0.69.2600 LATITUDE 47.389866 &nbsp; By car\u00a0: Take Highway A10, Exit 21, Tours-centre, 5 minutes direction &#8220;Gare SNCF&#8221; By train\u00a0: Stop at [&hellip;]<\/p>\n","protected":false},"author":1,"featured_media":0,"parent":0,"menu_order":0,"comment_status":"closed","ping_status":"closed","template":"templates\/page-contact.php","meta":{"footnotes":""},"class_list":["post-576","page","type-page","status-publish","hentry"],"_links":{"self":[{"href":"https:\/\/www.legrandhoteltours.com\/en\/wp-json\/wp\/v2\/pages\/576","targetHints":{"allow":["GET"]}}],"collection":[{"href":"https:\/\/www.legrandhoteltours.com\/en\/wp-json\/wp\/v2\/pages"}],"about":[{"href":"https:\/\/www.legrandhoteltours.com\/en\/wp-json\/wp\/v2\/types\/page"}],"author":[{"embeddable":true,"href":"https:\/\/www.legrandhoteltours.com\/en\/wp-json\/wp\/v2\/users\/1"}],"replies":[{"embeddable":true,"href":"https:\/\/www.legrandhoteltours.com\/en\/wp-json\/wp\/v2\/comments?post=576"}],"version-history":[{"count":6,"href":"https:\/\/www.legrandhoteltours.com\/en\/wp-json\/wp\/v2\/pages\/576\/revisions"}],"predecessor-version":[{"id":1722,"href":"https:\/\/www.legrandhoteltours.com\/en\/wp-json\/wp\/v2\/pages\/576\/revisions\/1722"}],"wp:attachment":[{"href":"https:\/\/www.legrandhoteltours.com\/en\/wp-json\/wp\/v2\/media?parent=576"}],"curies":[{"name":"wp","href":"https:\/\/api.w.org\/{rel}","templated":true}]}}