{"id":585,"date":"2018-11-23T12:55:48","date_gmt":"2018-11-23T11:55:48","guid":{"rendered":"https:\/\/www.legrandhoteltours.com\/ght-o\/"},"modified":"2024-11-06T09:23:13","modified_gmt":"2024-11-06T08:23:13","slug":"geniessen-sie-den-charme-der-1930er-jahre-in-der-touraine","status":"publish","type":"page","link":"https:\/\/www.legrandhoteltours.com\/de\/","title":{"rendered":"Genie\u00dfen Sie den Charme der 1930er Jahre in der Touraine"},"content":{"rendered":"<p class=\"oct_home_subtitle\">Ihr Aufenthalt im<\/p>\n<h2 class=\"oct_home_title\">grand h\u00f4tel de tours<\/h2>\n<p>Treten Sie ein und lassen Sie sich mit den faszinierenden Linien und dem Design der M\u00f6bel augenblicklich in die Atmosph\u00e4re der 30er-Jahre entf\u00fchren. Die Zimmer und unser Salon des Grand H\u00f4tel de Tours wurden stilgetreu von einem Designer renoviert.<\/p>\n<p>Im Preissegment ab 79\u00a0\u20ac, finden Sie im Grand H\u00f4tel de Tours im Zentrum der Stadt (in Bahnhofsn\u00e4he) Zimmer f\u00fcr alle Anspr\u00fcche &#8211; Komfort, Superior, Premium, Dreibett- und Familienzimmer (f\u00fcr 2 Erwachsene und 2 Kinder), Junior Suiten und Suiten. Gerne hei\u00dfen wir auch Reisegruppen willkommen und bieten Unternehmen f\u00fcr Seminare oder verschiedene kulturelle Events einen besonderen Rahmen.<\/p>\n\n","protected":false},"excerpt":{"rendered":"<p>Ihr Aufenthalt im grand h\u00f4tel de tours Treten Sie ein und lassen Sie sich mit den faszinierenden Linien und dem Design der M\u00f6bel augenblicklich in die Atmosph\u00e4re der 30er-Jahre entf\u00fchren. Die Zimmer und unser Salon des Grand H\u00f4tel de Tours wurden stilgetreu von einem Designer renoviert. Im Preissegment ab 79\u00a0\u20ac, finden Sie im Grand H\u00f4tel [&hellip;]<\/p>\n","protected":false},"author":1,"featured_media":0,"parent":0,"menu_order":0,"comment_status":"closed","ping_status":"closed","template":"templates\/page-home.php","meta":{"footnotes":""},"class_list":["post-585","page","type-page","status-publish","hentry"],"_links":{"self":[{"href":"https:\/\/www.legrandhoteltours.com\/de\/wp-json\/wp\/v2\/pages\/585","targetHints":{"allow":["GET"]}}],"collection":[{"href":"https:\/\/www.legrandhoteltours.com\/de\/wp-json\/wp\/v2\/pages"}],"about":[{"href":"https:\/\/www.legrandhoteltours.com\/de\/wp-json\/wp\/v2\/types\/page"}],"author":[{"embeddable":true,"href":"https:\/\/www.legrandhoteltours.com\/de\/wp-json\/wp\/v2\/users\/1"}],"replies":[{"embeddable":true,"href":"https:\/\/www.legrandhoteltours.com\/de\/wp-json\/wp\/v2\/comments?post=585"}],"version-history":[{"count":13,"href":"https:\/\/www.legrandhoteltours.com\/de\/wp-json\/wp\/v2\/pages\/585\/revisions"}],"predecessor-version":[{"id":3597,"href":"https:\/\/www.legrandhoteltours.com\/de\/wp-json\/wp\/v2\/pages\/585\/revisions\/3597"}],"wp:attachment":[{"href":"https:\/\/www.legrandhoteltours.com\/de\/wp-json\/wp\/v2\/media?parent=585"}],"curies":[{"name":"wp","href":"https:\/\/api.w.org\/{rel}","templated":true}]}}