{"id":3665,"date":"2018-11-13T12:28:08","date_gmt":"2018-11-13T11:28:08","guid":{"rendered":"https:\/\/www.legrandhoteltours.com\/seminaire\/tourisme-daffaires-le-palais-des-congres-vinci\/"},"modified":"2024-11-06T10:10:30","modified_gmt":"2024-11-06T09:10:30","slug":"geschaeftstourismus-kongresszentrum-vinci","status":"publish","type":"page","link":"https:\/\/www.legrandhoteltours.com\/de\/seminare\/geschaeftstourismus-kongresszentrum-vinci\/","title":{"rendered":"Gesch\u00e4ftstourismus &#8211; Kongresszentrum \u201eVinci\u201c"},"content":{"rendered":"<p>Das Hotel liegt 200\u00a0m vom internationalen Kongresszentrum Val-de-Loire \u201eVinci\u201c in Tours entfernt, das alle m\u00f6glichen Events beherbergt, die eine Gesch\u00e4ftsreise motivieren: Kongresse, Tagungen, Messen, Generalversammlungen, Symposien&#8230;<\/p>\n<div><\/div>\n<h2>Ihr Hotel am internationalen Kongresszentrum in Tours<\/h2>\n<p>&nbsp;<\/p>\n<p>Wenn Sie eine Gesch\u00e4ftsreise zu einer Veranstaltung im internationalen Kongresszentrum nach Tours f\u00fchrt, sind Sie in unserem Hotel bestens aufgehoben.<\/p>\n<p>Das Kongresszentrum von Tours liegt dem Bahnhof gegen\u00fcber und nur wenige Gehminuten vom Grand H\u00f4tel de Tours entfernt.<\/p>\n<p>Das \u201eVinci\u201c beherbergt auf einer Fl\u00e4che von 26.000\u00a0m\u00b2 neben 3\u00a0Auditorien 22\u00a0Sitzungss\u00e4le, die Lounge Agn\u00e8s\u00a0Sorel mit 1.500\u00a0m\u00b2 und den Bereich Daniel\u00a0Bourdu mit 2.500\u00a0m\u00b2. Dank seiner ultramodernen Ausstattung bietet das internationale Kongresszentrum \u201eVinci\u201c auch einen hervorragenden Rahmen f\u00fcr Konzerte und mannigfaltige B\u00fchnendarbietungen (Humor, Konzerte, Gesangsauff\u00fchrungen, Theater&#8230;)<\/p>\n<p><strong>3\u00a0Auditorien laden zu nationalen und internationalen Veranstaltungen ein:<\/strong><\/p>\n<ul>\n<li>Auditorium Descartes: 350 Sitzpl\u00e4tze<\/li>\n<li>Auditorium Pierre de Ronsard: 700 Sitzpl\u00e4tze<\/li>\n<li>Auditorium Fran\u00e7ois I: 2000 Sitzpl\u00e4tze<\/li>\n<\/ul>\n<div class=\"prix\">\n<p>Wenn Sie ein Hotel in der N\u00e4he des Kongresszentrums in Tours suchen, fragen Sie am besten gleich beim Grand H\u00f4tel die Verf\u00fcgbarkeit an und buchen Ihr Zimmer.<\/p>\n<ul>\n<li>T\u00e9l. \u00a033 (0) 2 47 05 35 31<\/li>\n<li><a href=\"mailto:contact@legrandhoteltours.com\">contact@legrandhoteltours.com<\/a><\/li>\n<\/ul>\n<p><a href=\"http:\/\/www.tours-evenements.com\/vinci-conventions.html\" target=\"_blank\" rel=\"noopener\">Weitere Infos zum Kongresszentrum \u201eVinci\u201c\u00a0finden Sie auf http:\/\/www.tours-evenements.com\/vinci-conventions.htmlhttp:\/\/www.tours-evenements.com\/vinci-conventions.html<\/a><\/p>\n<\/div>\n","protected":false},"excerpt":{"rendered":"<p>Das Hotel liegt 200\u00a0m vom internationalen Kongresszentrum Val-de-Loire \u201eVinci\u201c in Tours entfernt, das alle m\u00f6glichen Events beherbergt, die eine Gesch\u00e4ftsreise motivieren: Kongresse, Tagungen, Messen, Generalversammlungen, Symposien&#8230; Ihr Hotel am internationalen Kongresszentrum in Tours &nbsp; Wenn Sie eine Gesch\u00e4ftsreise zu einer Veranstaltung im internationalen Kongresszentrum nach Tours f\u00fchrt, sind Sie in unserem Hotel bestens aufgehoben. Das [&hellip;]<\/p>\n","protected":false},"author":5,"featured_media":0,"parent":3649,"menu_order":0,"comment_status":"closed","ping_status":"closed","template":"","meta":{"footnotes":""},"class_list":["post-3665","page","type-page","status-publish","hentry"],"_links":{"self":[{"href":"https:\/\/www.legrandhoteltours.com\/de\/wp-json\/wp\/v2\/pages\/3665","targetHints":{"allow":["GET"]}}],"collection":[{"href":"https:\/\/www.legrandhoteltours.com\/de\/wp-json\/wp\/v2\/pages"}],"about":[{"href":"https:\/\/www.legrandhoteltours.com\/de\/wp-json\/wp\/v2\/types\/page"}],"author":[{"embeddable":true,"href":"https:\/\/www.legrandhoteltours.com\/de\/wp-json\/wp\/v2\/users\/5"}],"replies":[{"embeddable":true,"href":"https:\/\/www.legrandhoteltours.com\/de\/wp-json\/wp\/v2\/comments?post=3665"}],"version-history":[{"count":2,"href":"https:\/\/www.legrandhoteltours.com\/de\/wp-json\/wp\/v2\/pages\/3665\/revisions"}],"predecessor-version":[{"id":3667,"href":"https:\/\/www.legrandhoteltours.com\/de\/wp-json\/wp\/v2\/pages\/3665\/revisions\/3667"}],"up":[{"embeddable":true,"href":"https:\/\/www.legrandhoteltours.com\/de\/wp-json\/wp\/v2\/pages\/3649"}],"wp:attachment":[{"href":"https:\/\/www.legrandhoteltours.com\/de\/wp-json\/wp\/v2\/media?parent=3665"}],"curies":[{"name":"wp","href":"https:\/\/api.w.org\/{rel}","templated":true}]}}