{"id":3658,"date":"2018-11-13T11:56:24","date_gmt":"2018-11-13T10:56:24","guid":{"rendered":"https:\/\/www.legrandhoteltours.com\/seminaire\/prestations-et-forfaits-seminaires\/"},"modified":"2024-11-06T10:11:04","modified_gmt":"2024-11-06T09:11:04","slug":"leistungen-und-pauschalangebote-seminare","status":"publish","type":"page","link":"https:\/\/www.legrandhoteltours.com\/de\/seminare\/leistungen-und-pauschalangebote-seminare\/","title":{"rendered":"Leistungen und Pauschalangebote \u2013 Seminare"},"content":{"rendered":"<p>Entdecken Sie die verschiedenen Mietangebote f\u00fcr S\u00e4le des Grand H\u00f4tel de Tours, die sich bestens f\u00fcr Ihre Veranstaltungen eignen &#8211; halbt\u00e4gige oder ganzt\u00e4gige Meetings, Workshops, Schulungen, gesch\u00e4ftliche Termine, als Show-Room, f\u00fcr Produkteinf\u00fchrungen, Pr\u00e4sentationen, Konferenzen, Tagungen, Cocktails&#8230;<\/p>\n<h2>Ganzt\u00e4gige Veranstaltungen ab 59\u00a0\u20ac pro Person:<\/h2>\n<ul>\n<li>Ganzt\u00e4gige Saalmiete<\/li>\n<li>Pause am Vormittag: Warme Getr\u00e4nke, Fruchts\u00e4fte und Feingeb\u00e4ck<\/li>\n<li>Mittagessen (Vorspeise, Hauptgericht, Dessert) mit inbegriffenen Getr\u00e4nken (1\/4 Wein, 1\/2 Wasser und Kaffee) in einem unserer Partnerrestaurants*<\/li>\n<li>Pause am Nachmittag: Warme Getr\u00e4nke, Fruchts\u00e4fte und s\u00fc\u00dfes Geb\u00e4ck<\/li>\n<\/ul>\n<h2>Halbt\u00e4gige Veranstaltungen ab 53\u00a0\u20ac pro Person:<\/h2>\n<ul>\n<li>Ganzt\u00e4gige Saalmiete<\/li>\n<li>Pause am Vormittag oder Nachmittag<\/li>\n<li>Mittagessen (Vorspeise, Hauptgericht, Dessert) mit inbegriffenen Getr\u00e4nken (1\/4 Wein, 1\/2 Wasser und Kaffee) in einem unserer Partnerrestaurants*<\/li>\n<\/ul>\n<p><em>*(gleiche Wahl f\u00fcr alle Teilnehmer ab 10\u00a0Personen)<\/em><\/p>\n<p>&nbsp;<\/p>\n<div class=\"prix\">\n<p>F\u00fcr n\u00e4here Informationen wenden Sie sich bitte an unseren Vertriebsservice unter der Telefonnummer<\/p>\n<p>+33 (0)2 47 05 35 31<\/p>\n<p>Kontakt:\u00a0Frau Ludivine CONTREAU commercial@legrandhoteltours.com<\/p>\n<\/div>\n","protected":false},"excerpt":{"rendered":"<p>Entdecken Sie die verschiedenen Mietangebote f\u00fcr S\u00e4le des Grand H\u00f4tel de Tours, die sich bestens f\u00fcr Ihre Veranstaltungen eignen &#8211; halbt\u00e4gige oder ganzt\u00e4gige Meetings, Workshops, Schulungen, gesch\u00e4ftliche Termine, als Show-Room, f\u00fcr Produkteinf\u00fchrungen, Pr\u00e4sentationen, Konferenzen, Tagungen, Cocktails&#8230; Ganzt\u00e4gige Veranstaltungen ab 59\u00a0\u20ac pro Person: Ganzt\u00e4gige Saalmiete Pause am Vormittag: Warme Getr\u00e4nke, Fruchts\u00e4fte und Feingeb\u00e4ck Mittagessen (Vorspeise, Hauptgericht, [&hellip;]<\/p>\n","protected":false},"author":5,"featured_media":0,"parent":3649,"menu_order":0,"comment_status":"closed","ping_status":"closed","template":"","meta":{"footnotes":""},"class_list":["post-3658","page","type-page","status-publish","hentry"],"_links":{"self":[{"href":"https:\/\/www.legrandhoteltours.com\/de\/wp-json\/wp\/v2\/pages\/3658","targetHints":{"allow":["GET"]}}],"collection":[{"href":"https:\/\/www.legrandhoteltours.com\/de\/wp-json\/wp\/v2\/pages"}],"about":[{"href":"https:\/\/www.legrandhoteltours.com\/de\/wp-json\/wp\/v2\/types\/page"}],"author":[{"embeddable":true,"href":"https:\/\/www.legrandhoteltours.com\/de\/wp-json\/wp\/v2\/users\/5"}],"replies":[{"embeddable":true,"href":"https:\/\/www.legrandhoteltours.com\/de\/wp-json\/wp\/v2\/comments?post=3658"}],"version-history":[{"count":2,"href":"https:\/\/www.legrandhoteltours.com\/de\/wp-json\/wp\/v2\/pages\/3658\/revisions"}],"predecessor-version":[{"id":3660,"href":"https:\/\/www.legrandhoteltours.com\/de\/wp-json\/wp\/v2\/pages\/3658\/revisions\/3660"}],"up":[{"embeddable":true,"href":"https:\/\/www.legrandhoteltours.com\/de\/wp-json\/wp\/v2\/pages\/3649"}],"wp:attachment":[{"href":"https:\/\/www.legrandhoteltours.com\/de\/wp-json\/wp\/v2\/media?parent=3658"}],"curies":[{"name":"wp","href":"https:\/\/api.w.org\/{rel}","templated":true}]}}