{"id":3655,"date":"2018-11-13T12:07:54","date_gmt":"2018-11-13T11:07:54","guid":{"rendered":"https:\/\/www.legrandhoteltours.com\/seminaire\/organiser-des-activites-team-building-sportives-ou-culturelles\/"},"modified":"2024-11-06T10:11:31","modified_gmt":"2024-11-06T09:11:31","slug":"organisation-von-sportlichen-oder-kulturellen-teambuilding-aktivitaeten","status":"publish","type":"page","link":"https:\/\/www.legrandhoteltours.com\/de\/seminare\/organisation-von-sportlichen-oder-kulturellen-teambuilding-aktivitaeten\/","title":{"rendered":"Organisation von sportlichen oder kulturellen Teambuilding-Aktivit\u00e4ten"},"content":{"rendered":"<p>Bringen Sie neue Dynamik in Ihre Events und st\u00e4rken Sie die Teambindung in Ihrem Unternehmen!<\/p>\n<p>Damit Ihre Seminare auch wirklich ein Erfolg werden, unterst\u00fctzt Sie das Grand H\u00f4tel de Tours auf Wunsch gerne bei der Organisation von spannenden und motivierenden Incentive-Aktivit\u00e4ten, \u00d6nologie-Abenden, Schlossbesichtigungen, Ausfl\u00fcgen zu einem Weingut, Einf\u00fchrung in Shiatsu&#8230; Das Loire-Tal ist der perfekte Ort, um Arbeit und Entspannung zu verbinden.<\/p>\n<ul>\n<li><strong>Kulturelle und touristische Incentives:<\/strong> Historische Bauwerke und Museen in Tours, die Loire-Schl\u00f6sser, gesch\u00fctzte Denkm\u00e4ler und Naturgebiete, H\u00f6hlenh\u00e4user, ungew\u00f6hnliche und faszinierende Orte, Motto-Dinner, B\u00fchnendarbietungen&#8230;<\/li>\n<li><strong>Sportliche Incentives, hinaus in die Natur:<\/strong> Reitausfl\u00fcge, Wanderungen, Rallyes, Schnitzeljagd, Orientierungslauf, Kanu- und Kajakfahrten, \u2981 Golf, Paintball, Hochseilgarten, Go-Kart, Ballonfahrt, Rundflug im Hubschrauber, Flussfahrt auf der Loire mit dem Kanu oder an Bord einer Gabarre&#8230;<\/li>\n<li><strong>Incentives in den Weinbergen des Loire-Tals:<\/strong> Kommentierter Ausflug in die Weinkeller, Verkostung der Loire-Weine, \u00f6nologische Spiele, Rallye in den Weinbergen&#8230;<\/li>\n<li><strong>Incentives mit Entspannung &amp; Wellness:<\/strong> Fitness und Spa, Einf\u00fchrung in Shiatsu&#8230;<\/li>\n<li>Incentives rund um Terroir und Gastronomie: Gastronomische Exkursion Weinberge &amp; Terroir, Erkundungstour durch Tours \u201eInternationale Stadt der Gastronomie im Loire-Tal\u201c&#8230;<\/li>\n<\/ul>\n<div class=\"prix\">\n<p>&nbsp;<\/p>\n<p>F\u00fcr n\u00e4here Informationen sprechen Sie bitte unser Team im Grand H\u00f4tel de Tours an.<\/p>\n<p><strong>Kontakt f\u00fcr Incentive-Seminare:<\/strong><\/p>\n<ul>\n<li>Tel. \u00a033 (0) 2 47 05 35 31<\/li>\n<li><a href=\"mailto:contact@legrandhoteltours.com\">commercial@legrandhoteltours.com<\/a><\/li>\n<\/ul>\n<\/div>\n","protected":false},"excerpt":{"rendered":"<p>Bringen Sie neue Dynamik in Ihre Events und st\u00e4rken Sie die Teambindung in Ihrem Unternehmen! Damit Ihre Seminare auch wirklich ein Erfolg werden, unterst\u00fctzt Sie das Grand H\u00f4tel de Tours auf Wunsch gerne bei der Organisation von spannenden und motivierenden Incentive-Aktivit\u00e4ten, \u00d6nologie-Abenden, Schlossbesichtigungen, Ausfl\u00fcgen zu einem Weingut, Einf\u00fchrung in Shiatsu&#8230; Das Loire-Tal ist der perfekte [&hellip;]<\/p>\n","protected":false},"author":5,"featured_media":0,"parent":3649,"menu_order":0,"comment_status":"closed","ping_status":"closed","template":"","meta":{"footnotes":""},"class_list":["post-3655","page","type-page","status-publish","hentry"],"_links":{"self":[{"href":"https:\/\/www.legrandhoteltours.com\/de\/wp-json\/wp\/v2\/pages\/3655","targetHints":{"allow":["GET"]}}],"collection":[{"href":"https:\/\/www.legrandhoteltours.com\/de\/wp-json\/wp\/v2\/pages"}],"about":[{"href":"https:\/\/www.legrandhoteltours.com\/de\/wp-json\/wp\/v2\/types\/page"}],"author":[{"embeddable":true,"href":"https:\/\/www.legrandhoteltours.com\/de\/wp-json\/wp\/v2\/users\/5"}],"replies":[{"embeddable":true,"href":"https:\/\/www.legrandhoteltours.com\/de\/wp-json\/wp\/v2\/comments?post=3655"}],"version-history":[{"count":2,"href":"https:\/\/www.legrandhoteltours.com\/de\/wp-json\/wp\/v2\/pages\/3655\/revisions"}],"predecessor-version":[{"id":3657,"href":"https:\/\/www.legrandhoteltours.com\/de\/wp-json\/wp\/v2\/pages\/3655\/revisions\/3657"}],"up":[{"embeddable":true,"href":"https:\/\/www.legrandhoteltours.com\/de\/wp-json\/wp\/v2\/pages\/3649"}],"wp:attachment":[{"href":"https:\/\/www.legrandhoteltours.com\/de\/wp-json\/wp\/v2\/media?parent=3655"}],"curies":[{"name":"wp","href":"https:\/\/api.w.org\/{rel}","templated":true}]}}