{"id":3652,"date":"2018-11-13T12:20:59","date_gmt":"2018-11-13T11:20:59","guid":{"rendered":"https:\/\/www.legrandhoteltours.com\/seminaire\/ils-nous-font-confiance\/"},"modified":"2024-11-06T10:11:56","modified_gmt":"2024-11-06T09:11:56","slug":"unsere-kunden-vertrauen-uns","status":"publish","type":"page","link":"https:\/\/www.legrandhoteltours.com\/de\/seminare\/unsere-kunden-vertrauen-uns\/","title":{"rendered":"Unsere Kunden vertrauen uns!"},"content":{"rendered":"<p>Das Grand H\u00f4tel de Tours und sein qualifiziertes und dynamisches Team \u00fcbernehmen f\u00fcr Sie gerne die Organisation Ihres erfolgreichen Events an diesem au\u00dfergew\u00f6hnlichen Ort, der das Ambiente der 30er-Jahre neu aufleben l\u00e4sst und zugleich alle Annehmlichkeiten unserer Zeit bietet.<\/p>\n<p>Diese gro\u00dfen Unternehmen vertrauen uns bei der Veranstaltung Ihrer Seminare, Fachtagungen, Schulungen, Cocktails, Show-Rooms&#8230;<\/p>\n<p>Und Sie?<\/p>\n<p><img data-dominant-color=\"f4f4f6\" data-has-transparency=\"false\" style=\"--dominant-color: #f4f4f6;\" loading=\"lazy\" decoding=\"async\" class=\"aligncenter wp-image-290 size-full not-transparent\" src=\"https:\/\/www.legrandhoteltours.com\/wp-content\/uploads\/logos-confiance.png\" alt=\"\" width=\"836\" height=\"399\" srcset=\"https:\/\/www.legrandhoteltours.com\/wp-content\/uploads\/logos-confiance.png 836w, https:\/\/www.legrandhoteltours.com\/wp-content\/uploads\/logos-confiance-300x143.png 300w, https:\/\/www.legrandhoteltours.com\/wp-content\/uploads\/logos-confiance-768x367.png 768w, https:\/\/www.legrandhoteltours.com\/wp-content\/uploads\/logos-confiance-800x382.png 800w, https:\/\/www.legrandhoteltours.com\/wp-content\/uploads\/logos-confiance-500x239.png 500w, https:\/\/www.legrandhoteltours.com\/wp-content\/uploads\/logos-confiance-366x175.png 366w, https:\/\/www.legrandhoteltours.com\/wp-content\/uploads\/logos-confiance-405x193.png 405w\" sizes=\"auto, (max-width: 836px) 100vw, 836px\" \/><\/p>\n","protected":false},"excerpt":{"rendered":"<p>Das Grand H\u00f4tel de Tours und sein qualifiziertes und dynamisches Team \u00fcbernehmen f\u00fcr Sie gerne die Organisation Ihres erfolgreichen Events an diesem au\u00dfergew\u00f6hnlichen Ort, der das Ambiente der 30er-Jahre neu aufleben l\u00e4sst und zugleich alle Annehmlichkeiten unserer Zeit bietet. Diese gro\u00dfen Unternehmen vertrauen uns bei der Veranstaltung Ihrer Seminare, Fachtagungen, Schulungen, Cocktails, Show-Rooms&#8230; Und Sie?<\/p>\n","protected":false},"author":5,"featured_media":0,"parent":3649,"menu_order":0,"comment_status":"closed","ping_status":"closed","template":"","meta":{"footnotes":""},"class_list":["post-3652","page","type-page","status-publish","hentry"],"_links":{"self":[{"href":"https:\/\/www.legrandhoteltours.com\/de\/wp-json\/wp\/v2\/pages\/3652","targetHints":{"allow":["GET"]}}],"collection":[{"href":"https:\/\/www.legrandhoteltours.com\/de\/wp-json\/wp\/v2\/pages"}],"about":[{"href":"https:\/\/www.legrandhoteltours.com\/de\/wp-json\/wp\/v2\/types\/page"}],"author":[{"embeddable":true,"href":"https:\/\/www.legrandhoteltours.com\/de\/wp-json\/wp\/v2\/users\/5"}],"replies":[{"embeddable":true,"href":"https:\/\/www.legrandhoteltours.com\/de\/wp-json\/wp\/v2\/comments?post=3652"}],"version-history":[{"count":2,"href":"https:\/\/www.legrandhoteltours.com\/de\/wp-json\/wp\/v2\/pages\/3652\/revisions"}],"predecessor-version":[{"id":3654,"href":"https:\/\/www.legrandhoteltours.com\/de\/wp-json\/wp\/v2\/pages\/3652\/revisions\/3654"}],"up":[{"embeddable":true,"href":"https:\/\/www.legrandhoteltours.com\/de\/wp-json\/wp\/v2\/pages\/3649"}],"wp:attachment":[{"href":"https:\/\/www.legrandhoteltours.com\/de\/wp-json\/wp\/v2\/media?parent=3652"}],"curies":[{"name":"wp","href":"https:\/\/api.w.org\/{rel}","templated":true}]}}