{"id":3649,"date":"2018-10-05T15:30:22","date_gmt":"2018-10-05T13:30:22","guid":{"rendered":"https:\/\/www.legrandhoteltours.com\/seminaire\/"},"modified":"2024-11-06T10:10:09","modified_gmt":"2024-11-06T09:10:09","slug":"seminare","status":"publish","type":"page","link":"https:\/\/www.legrandhoteltours.com\/de\/seminare\/","title":{"rendered":"Seminare"},"content":{"rendered":"<p>Das Grand H\u00f4tel de Tours in idealer Lage zwischen dem Bahnhof und dem Kongresszentrum \u201eVinci\u201c bietet Ihnen 5 Veranstaltungsr\u00e4ume von 20 bis 110\u00a0m\u00b2 f\u00fcr private Zusammenk\u00fcnfte, gesch\u00e4ftliche Meetings, Seminare, Produkteinf\u00fchrungen, Cocktails, Fachtagungen\u2026Die angenehmen modulierbaren Seminarr\u00e4ume sind ger\u00e4umig und hell und mit allem ausgestattet, was Sie f\u00fcr einen reibungslosen Ablauf Ihres Events in Tours ben\u00f6tigen.<\/p>\n<p>Ihr Seminar im Zentrum von Tours:<\/p>\n<ul>\n<li>Wenige Schritte vom Bahnhof in der Innenstadt von Tours entfernt<\/li>\n<li>In unmittelbarer N\u00e4he des Kongresszentrums \u201eVinci\u201c<\/li>\n<li>In nur 1h von Paris aus erreichbar, 1h40 aus Nantes, 1h45 von Roissy CDG, 2h30 aus Lille, 2h40 aus Bordeaux und 3h aus Lyon\u2026<\/li>\n<\/ul>\n<p>Pers\u00f6nlicher Kostenvoranschlag auf Anfrage.<\/p>\n<p>F\u00fcr n\u00e4here Informationen wenden Sie sich bitte an unseren Vertriebsservice unter der Telefonnummer +33 (0)2 47 05 35 31<br \/>\n.<\/p>\n<p><strong>Kontakt:<\/strong><\/p>\n<p>Frau Ludivine CONTREAU<br \/>\n<a href=\"mailto:commercial@legrandhoteltours.com\">commercial@legrandhoteltours.com<\/a><\/p>\n","protected":false},"excerpt":{"rendered":"<p>Das Grand H\u00f4tel de Tours in idealer Lage zwischen dem Bahnhof und dem Kongresszentrum \u201eVinci\u201c bietet Ihnen 5 Veranstaltungsr\u00e4ume von 20 bis 110\u00a0m\u00b2 f\u00fcr private Zusammenk\u00fcnfte, gesch\u00e4ftliche Meetings, Seminare, Produkteinf\u00fchrungen, Cocktails, Fachtagungen\u2026Die angenehmen modulierbaren Seminarr\u00e4ume sind ger\u00e4umig und hell und mit allem ausgestattet, was Sie f\u00fcr einen reibungslosen Ablauf Ihres Events in Tours ben\u00f6tigen. Ihr [&hellip;]<\/p>\n","protected":false},"author":5,"featured_media":0,"parent":0,"menu_order":0,"comment_status":"closed","ping_status":"closed","template":"","meta":{"footnotes":""},"class_list":["post-3649","page","type-page","status-publish","hentry"],"_links":{"self":[{"href":"https:\/\/www.legrandhoteltours.com\/de\/wp-json\/wp\/v2\/pages\/3649","targetHints":{"allow":["GET"]}}],"collection":[{"href":"https:\/\/www.legrandhoteltours.com\/de\/wp-json\/wp\/v2\/pages"}],"about":[{"href":"https:\/\/www.legrandhoteltours.com\/de\/wp-json\/wp\/v2\/types\/page"}],"author":[{"embeddable":true,"href":"https:\/\/www.legrandhoteltours.com\/de\/wp-json\/wp\/v2\/users\/5"}],"replies":[{"embeddable":true,"href":"https:\/\/www.legrandhoteltours.com\/de\/wp-json\/wp\/v2\/comments?post=3649"}],"version-history":[{"count":2,"href":"https:\/\/www.legrandhoteltours.com\/de\/wp-json\/wp\/v2\/pages\/3649\/revisions"}],"predecessor-version":[{"id":3651,"href":"https:\/\/www.legrandhoteltours.com\/de\/wp-json\/wp\/v2\/pages\/3649\/revisions\/3651"}],"wp:attachment":[{"href":"https:\/\/www.legrandhoteltours.com\/de\/wp-json\/wp\/v2\/media?parent=3649"}],"curies":[{"name":"wp","href":"https:\/\/api.w.org\/{rel}","templated":true}]}}