{"id":3646,"date":"2018-10-05T15:30:48","date_gmt":"2018-10-05T13:30:48","guid":{"rendered":"https:\/\/www.legrandhoteltours.com\/prestations\/mariages\/"},"modified":"2024-11-06T10:13:42","modified_gmt":"2024-11-06T09:13:42","slug":"hochzeiten","status":"publish","type":"page","link":"https:\/\/www.legrandhoteltours.com\/de\/service-und-ausstattung\/hochzeiten\/","title":{"rendered":"Hochzeiten"},"content":{"rendered":"<p>Wenn Sie ein<strong> Hotel f\u00fcr eine Hochzeit<\/strong> suchen, finden Sie mit dem Grand H\u00f4tel de Tours mitten im Loire-Tal in praktischer Bahnhofsn\u00e4he genau das Richtige. Je nach Verf\u00fcgbarkeit kann das Hotel <strong>ganz oder teilweise f\u00fcr Privatveranstaltungen<\/strong> gebucht werden, um Ihre G\u00e4ste, Familienmitglieder und Freunde am Abend Ihrer Hochzeit in einem au\u00dfergew\u00f6hnlichen und modernen Rahmen mit besonderem Komfort zu einem fr\u00f6hlichen Abend einzuladen &#8211; designt im Art Deco Stil der 30er-Jahre.<\/p>\n<div><\/div>\n<p><strong>Besondere Vorteile des Grand H\u00f4tel de Tours:<\/strong><\/p>\n<ul>\n<li>Ein Hotel im Stadtzentrum, 2 Minuten vom SNCF-Bahnhof und dem Trausaal im Rathaus entfernt<\/li>\n<li><strong>104 Zimmer und Suiten mit besonderem Charme<\/strong> f\u00fcr jeweils 1 bis 5 Personen,<\/li>\n<li>Fr\u00fchst\u00fccksbuffet bis 10.30 Uhr, sonntags bis 11 Uhr.<\/li>\n<li>Lounge-Bar: Weine aus dem Loire-Tal, Cocktails, Wurst- und K\u00e4seplatte (auf Bestellung),<\/li>\n<li>Ideale Lage im Loire-Tal f\u00fcr Ausfl\u00fcge in die Touraine und zur Besichtigung der historischen Loire-Schl\u00f6sser, ihrer G\u00e4rten und Weinberge&#8230;<\/li>\n<li>Mit dem TGV ist Tours von Paris Montparnasse aus in 1 Stunde, von Nantes aus in 1h40, vom Flughafen Roissy CDG in 1h45, von Lille aus in 2h30, von Bordeaux aus in 2h40 und von Lyon aus in 3h erreichbar&#8230;<\/li>\n<\/ul>\n","protected":false},"excerpt":{"rendered":"<p>Wenn Sie ein Hotel f\u00fcr eine Hochzeit suchen, finden Sie mit dem Grand H\u00f4tel de Tours mitten im Loire-Tal in praktischer Bahnhofsn\u00e4he genau das Richtige. Je nach Verf\u00fcgbarkeit kann das Hotel ganz oder teilweise f\u00fcr Privatveranstaltungen gebucht werden, um Ihre G\u00e4ste, Familienmitglieder und Freunde am Abend Ihrer Hochzeit in einem au\u00dfergew\u00f6hnlichen und modernen Rahmen mit [&hellip;]<\/p>\n","protected":false},"author":5,"featured_media":0,"parent":3640,"menu_order":0,"comment_status":"closed","ping_status":"closed","template":"","meta":{"footnotes":""},"class_list":["post-3646","page","type-page","status-publish","hentry"],"_links":{"self":[{"href":"https:\/\/www.legrandhoteltours.com\/de\/wp-json\/wp\/v2\/pages\/3646","targetHints":{"allow":["GET"]}}],"collection":[{"href":"https:\/\/www.legrandhoteltours.com\/de\/wp-json\/wp\/v2\/pages"}],"about":[{"href":"https:\/\/www.legrandhoteltours.com\/de\/wp-json\/wp\/v2\/types\/page"}],"author":[{"embeddable":true,"href":"https:\/\/www.legrandhoteltours.com\/de\/wp-json\/wp\/v2\/users\/5"}],"replies":[{"embeddable":true,"href":"https:\/\/www.legrandhoteltours.com\/de\/wp-json\/wp\/v2\/comments?post=3646"}],"version-history":[{"count":2,"href":"https:\/\/www.legrandhoteltours.com\/de\/wp-json\/wp\/v2\/pages\/3646\/revisions"}],"predecessor-version":[{"id":3648,"href":"https:\/\/www.legrandhoteltours.com\/de\/wp-json\/wp\/v2\/pages\/3646\/revisions\/3648"}],"up":[{"embeddable":true,"href":"https:\/\/www.legrandhoteltours.com\/de\/wp-json\/wp\/v2\/pages\/3640"}],"wp:attachment":[{"href":"https:\/\/www.legrandhoteltours.com\/de\/wp-json\/wp\/v2\/media?parent=3646"}],"curies":[{"name":"wp","href":"https:\/\/api.w.org\/{rel}","templated":true}]}}