{"id":3628,"date":"2018-10-05T15:30:46","date_gmt":"2018-10-05T13:30:46","guid":{"rendered":"https:\/\/www.legrandhoteltours.com\/mentions-legales\/"},"modified":"2024-11-06T10:06:15","modified_gmt":"2024-11-06T09:06:15","slug":"impressum-datenschutzbestimmungen","status":"publish","type":"page","link":"https:\/\/www.legrandhoteltours.com\/de\/impressum-datenschutzbestimmungen\/","title":{"rendered":"Impressum &#038; Datenschutzbestimmungen"},"content":{"rendered":"<h2 style=\"text-align: left;\">Impressum &amp; Datenschutzbestimmungen<\/h2>\n<h3><strong>Herausgeber: <\/strong><\/h3>\n<ul>\n<li>Le Grand Hotel de Tours<\/li>\n<li>9 Place du g\u00e9n\u00e9ral Leclerc<\/li>\n<li>37000 Tours<\/li>\n<li>Tel : +33 (0)2 47 05 35 31<\/li>\n<li>SARL mit einem Kapital von 92.800 \u20ac &#8211; HReg. TOURS 59B24<\/li>\n<li>APE 5510Z &#8211; UST.-IDNr. FR 96 594 800 245<\/li>\n<\/ul>\n<p>&nbsp;<\/p>\n<h2 style=\"text-align: left;\">Nutzung der gesammelten<\/h2>\n<h2 style=\"text-align: left;\">personenbezogenen Daten<\/h2>\n<h3>Kommentare<\/h3>\n<p>Wenn Sie auf unserer Website einen Kommentar hinterlassen, werden die im Kommentarformular eingetragenen Daten, aber auch Ihre IP-Adresse und der Benutzeragent Ihres Browsers erfasst, um uns die Erkennung unerw\u00fcnschter Kommentare zu erleichtern.<\/p>\n<p>Eine anhand Ihrer Mailbox-Adresse erstelle anonyme Zeichenkette (ein sogenannter Hash) kann unter Umst\u00e4nden an den Service Gravatar gesendet werden, um zu pr\u00fcfen, ob Sie diesen nutzen. Die Datenschutzbestimmungen des Service Gravatar k\u00f6nnen hier eingesehen werden: https:\/\/automattic.com\/privacy\/. Nach Best\u00e4tigung Ihres Kommentars wird Ihr Profilfoto \u00f6ffentlich neben Ihrem Kommentar angezeigt.<\/p>\n<h3>Medien<\/h3>\n<p>Wenn Sie ein eingetragener Benutzer oder eine eingetragene Benutzerin sind und Sie Bilder auf die Website hochladen, empfehlen wir, nach M\u00f6glichkeit keine Bilder hochzuladen, die EXIF-Daten mit GPS-Koordinaten enthalten. Die Besucher Ihrer Website k\u00f6nnen \u00fcber solche Bilder die Standortdaten herunterladen und extrahieren.<\/p>\n<h3>Cookies<\/h3>\n<p>Wenn Sie einen Kommentar auf unserer Website abgeben, wird Ihnen angeboten, Ihren Namen, Ihre E-Mail-Adresse und die Website in Form von Cookies zu speichern. Dies dient ausschlie\u00dflich Ihrem Komfort. Auf diese Weise k\u00f6nnen Sie vermeiden, diese Informationen bei Abgabe eines weiteren Kommentars zu einem sp\u00e4teren Zeitpunkt erneut eingeben zu m\u00fcssen. Die Cookies verfallen nach 1\u00a0Jahr..<\/p>\n<p>Wenn Sie ein Konto haben und Sie sich bei dieser Website anmelden, wird ein tempor\u00e4res Cookie angelegt, um zu pr\u00fcfen, ob Ihr Browser Cookies akzeptiert. Dieses Cookie enth\u00e4lt keine personenbezogenen Daten und wird beim Schlie\u00dfen Ihres Browsers automatisch gel\u00f6scht.<\/p>\n<p>Beim Anmelden legen wir eine Reihe von Cookies an, um Ihre Anmeldedaten und Ihre Bildschirmeinstellungen zu speichern. Diese Anmeldecookies haben eine Lebensdauer von 2\u00a0Tagen, Cookies f\u00fcr Bildschirmoptionen werden 1\u00a0Jahr lang beibehalten. Wenn Sie die Option \u201eAn mich erinnern\u201c ankreuzen, wird Ihr Anmeldecookie 2\u00a0Wochen lang gespeichert. Beim Abmelden von Ihrem Konto wird das Anmeldecookie gel\u00f6scht.<\/p>\n<p>Wenn Sie eine Ver\u00f6ffentlichung \u00e4ndern oder freigeben, wird in Ihrem Browser ein zus\u00e4tzliches Cookie gespeichert. Dieses Cookie enth\u00e4lt keine personenbezogenen Daten. Es gibt lediglich die ID der von Ihnen ge\u00e4nderten Ver\u00f6ffentlichung an. Dieses Cookie verf\u00e4llt nach 1\u00a0Tag.<\/p>\n<h3>Integrierte Inhalte anderer Websites<\/h3>\n<p>Die auf dieser Website angebotenen Artikel k\u00f6nnen integrierte Inhalte umfassen (zum Beispiel Videos, Bilder, Artikel&#8230;). Das Verhalten dieser integrierten Inhalte anderer Websites entspricht dem Verhalten, das sie zeigen w\u00fcrden, wenn Sie diese andere Website besucht h\u00e4tten.<\/p>\n<p>Die betreffenden Websites k\u00f6nnen m\u00f6glicherweise Daten \u00fcber Sie sammeln, Cookies verwenden, Trackingtools von Drittanbietern einbinden und Ihre Interaktionen mit diesen integrierten Inhalten verfolgen, wenn Sie auf der zugeh\u00f6rigen Website \u00fcber ein Benutzerkonto verf\u00fcgen und angemeldet sind.<\/p>\n<h3>Speicherdauer Ihrer Daten<\/h3>\n<p>Wenn Sie einen Kommentar abgeben, werden dieser Kommentar und die zugeh\u00f6rigen Metadaten unbegrenzt gespeichert. So k\u00f6nnen nachfolgende Kommentare automatisch erkannt und genehmigt werden und die Moderationswarteschlange \u00fcberspringen.<\/p>\n<p>Zu Benutzern und Benutzerinnen, die sich auf unserer Website anmelden (sofern dies m\u00f6glich ist), speichern wir auch die in ihrem Profil angegebenen personenbezogenen Daten. Die Benutzer und Benutzerinnen k\u00f6nnen ihre jeweiligen personenbezogenen Daten jederzeit einsehen, \u00e4ndern oder l\u00f6schen (mit Ausnahme des Benutzernamens). Die Verwalter der Website k\u00f6nnen diese Angaben ebenfalls einsehen und \u00e4ndern.<\/p>\n<h3>Ihre Rechte bez\u00fcglich personenbezogener Daten<\/h3>\n<p>Wenn Sie \u00fcber ein Konto verf\u00fcgen oder wenn Sie Kommentare auf der Website abgegeben haben, k\u00f6nnen Sie eine Datei mit allen personenbezogenen Daten anfordern, die uns zu Ihrer Person vorliegen, einschlie\u00dflich der von Ihnen bereitgestellten Daten. Sie k\u00f6nnen auch die L\u00f6schung Ihrer personenbezogenen Daten verlangen. In dieser Hinsicht ausgenommen sind Daten, die zu Verwaltungszwecken, aus rechtlichen Gr\u00fcnden oder aus Sicherheitsgr\u00fcnden gespeichert werden.<\/p>\n<h3>Weitergabe personenbezogener Daten<\/h3>\n<p>Die Kommentare der Besucher k\u00f6nnen unter Zuhilfenahme eines automatischen Service zur Erkennung unerw\u00fcnschter Kommentare gepr\u00fcft werden.<\/p>\n<h3><\/h3>\n","protected":false},"excerpt":{"rendered":"<p>Impressum &amp; Datenschutzbestimmungen Herausgeber: Le Grand Hotel de Tours 9 Place du g\u00e9n\u00e9ral Leclerc 37000 Tours Tel : +33 (0)2 47 05 35 31 SARL mit einem Kapital von 92.800 \u20ac &#8211; HReg. TOURS 59B24 APE 5510Z &#8211; UST.-IDNr. FR 96 594 800 245 &nbsp; Nutzung der gesammelten personenbezogenen Daten Kommentare Wenn Sie auf unserer [&hellip;]<\/p>\n","protected":false},"author":5,"featured_media":0,"parent":0,"menu_order":0,"comment_status":"closed","ping_status":"closed","template":"","meta":{"footnotes":""},"class_list":["post-3628","page","type-page","status-publish","hentry"],"_links":{"self":[{"href":"https:\/\/www.legrandhoteltours.com\/de\/wp-json\/wp\/v2\/pages\/3628","targetHints":{"allow":["GET"]}}],"collection":[{"href":"https:\/\/www.legrandhoteltours.com\/de\/wp-json\/wp\/v2\/pages"}],"about":[{"href":"https:\/\/www.legrandhoteltours.com\/de\/wp-json\/wp\/v2\/types\/page"}],"author":[{"embeddable":true,"href":"https:\/\/www.legrandhoteltours.com\/de\/wp-json\/wp\/v2\/users\/5"}],"replies":[{"embeddable":true,"href":"https:\/\/www.legrandhoteltours.com\/de\/wp-json\/wp\/v2\/comments?post=3628"}],"version-history":[{"count":3,"href":"https:\/\/www.legrandhoteltours.com\/de\/wp-json\/wp\/v2\/pages\/3628\/revisions"}],"predecessor-version":[{"id":3766,"href":"https:\/\/www.legrandhoteltours.com\/de\/wp-json\/wp\/v2\/pages\/3628\/revisions\/3766"}],"wp:attachment":[{"href":"https:\/\/www.legrandhoteltours.com\/de\/wp-json\/wp\/v2\/media?parent=3628"}],"curies":[{"name":"wp","href":"https:\/\/api.w.org\/{rel}","templated":true}]}}