{"id":3624,"date":"2018-11-13T14:04:03","date_gmt":"2018-11-13T13:04:03","guid":{"rendered":"https:\/\/www.legrandhoteltours.com\/location-de-salle\/salon-bar-chareau\/"},"modified":"2024-11-06T10:07:58","modified_gmt":"2024-11-06T09:07:58","slug":"lounge-bar-chareau","status":"publish","type":"page","link":"https:\/\/www.legrandhoteltours.com\/de\/saele-in-tours\/lounge-bar-chareau\/","title":{"rendered":"Lounge-Bar Chareau"},"content":{"rendered":"<p>Die Lounge-Bar Chareau befindet sich im Erdgeschoss.<\/p>\n<p>Mit einer Fl\u00e4che von 55\u00a0m\u00b2 eignet sich die Lounge-Bar optimal f\u00fcr Meetings, Konferenzen, als Show Room, f\u00fcr Schulungsveranstaltungen, Cocktails&#8230;.<\/p>\n<p>Die Lounge-Bar ist mit einem K\u00fchlschrank und einer Wasserversorgung ausgestattet.<\/p>\n<p><strong>Kapazit\u00e4t der Lounge-Bar Chareau in verschiedenen Konfigurationsm\u00f6glichkeiten:<\/strong><\/p>\n<table class=\"oct_table_salle\">\n<tbody>\n<tr>\n<td><img data-dominant-color=\"d5d5d5\" data-has-transparency=\"false\" style=\"--dominant-color: #d5d5d5;\" decoding=\"async\" class=\"aligncenter wp-image-332 not-transparent\" src=\"https:\/\/www.legrandhoteltours.com\/wp-content\/uploads\/photo-636295010295298358-1.jpeg\" alt=\"\"><\/td>\n<td><img data-dominant-color=\"c7c7c7\" data-has-transparency=\"false\" style=\"--dominant-color: #c7c7c7;\" decoding=\"async\" class=\"wp-image-334 aligncenter not-transparent\" src=\"https:\/\/www.legrandhoteltours.com\/wp-content\/uploads\/photo-636295010446901832-1.jpeg\" alt=\"\"><\/td>\n<td><img data-dominant-color=\"cecece\" data-has-transparency=\"false\" style=\"--dominant-color: #cecece;\" decoding=\"async\" class=\"aligncenter wp-image-336 not-transparent\" src=\"https:\/\/www.legrandhoteltours.com\/wp-content\/uploads\/photo-636295010509459206-1.jpeg\" alt=\"\"><\/td>\n<td><img data-dominant-color=\"dddddd\" data-has-transparency=\"false\" style=\"--dominant-color: #dddddd;\" decoding=\"async\" class=\"aligncenter wp-image-338 not-transparent\" src=\"https:\/\/www.legrandhoteltours.com\/wp-content\/uploads\/photo-636295010660396884-1.jpeg\" alt=\"\"><\/td>\n<td><img data-dominant-color=\"d9d9d9\" data-has-transparency=\"false\" style=\"--dominant-color: #d9d9d9;\" decoding=\"async\" class=\"aligncenter wp-image-340 not-transparent\" src=\"https:\/\/www.legrandhoteltours.com\/wp-content\/uploads\/photo-636295010707897016-1.jpeg\" alt=\"\"><\/td>\n<td><img data-dominant-color=\"d4d4d4\" data-has-transparency=\"false\" style=\"--dominant-color: #d4d4d4;\" decoding=\"async\" class=\"aligncenter wp-image-342 not-transparent\" src=\"https:\/\/www.legrandhoteltours.com\/wp-content\/uploads\/photo-636295010742287825-1.jpeg\" alt=\"\"><\/td>\n<\/tr>\n<tr>\n<td>\n<h3>15<\/h3>\n<\/td>\n<td>\n<h3>15<\/h3>\n<\/td>\n<td>\n<h3>20<\/h3>\n<\/td>\n<td>\n<h3>40<\/h3>\n<\/td>\n<td>\n<h3>50<\/h3>\n<\/td>\n<td>\n<h3>30<\/h3>\n<\/td>\n<\/tr>\n<\/tbody>\n<\/table>\n<p>&nbsp;<\/p>\n<p><strong>Die S\u00e4le mit Tageslicht sind klimatisiert und bieten folgende Ausstattung:<\/strong><\/p>\n<ul>\n<li>Internet mit WLAN-Anschluss<\/li>\n<li>Bildschirm<\/li>\n<li>Paperboard<\/li>\n<li>Schreibmaterial<\/li>\n<li>Tafelwasser<\/li>\n<li>Spezielles Material stellen wir Ihnen gerne auf Anfrage zur Verf\u00fcgung (Videoprojektor, Lautsprecheranlage, K\u00fchlschrank, Spiegel, Wandschirme\u2026)<\/li>\n<\/ul>\n<div class=\"prix\">\n<p>&nbsp;<\/p>\n<p><strong><em>Das Grand H\u00f4tel de Tours l\u00e4sst die 30er-Jahre wieder aufleben.<\/em><\/strong><\/p>\n<p><em>Bei seiner Gestaltung des Hotels entwarf der Dekorateur Pierre\u00a0Chareau im Erdgeschoss einen Durchgangs- und Lesesalon. Dieser Salon wurde in seiner urspr\u00fcnglichen Raumaufteilung mit seinen Lampen und seinen Dekorationselementen wiederhergestellt und beherbergt heute die Bar des Grand H\u00f4tel de Tours.<\/em><\/p>\n<\/div>\n","protected":false},"excerpt":{"rendered":"<p>Die Lounge-Bar Chareau befindet sich im Erdgeschoss. Mit einer Fl\u00e4che von 55\u00a0m\u00b2 eignet sich die Lounge-Bar optimal f\u00fcr Meetings, Konferenzen, als Show Room, f\u00fcr Schulungsveranstaltungen, Cocktails&#8230;. Die Lounge-Bar ist mit einem K\u00fchlschrank und einer Wasserversorgung ausgestattet. Kapazit\u00e4t der Lounge-Bar Chareau in verschiedenen Konfigurationsm\u00f6glichkeiten: 15 15 20 40 50 30 &nbsp; Die S\u00e4le mit Tageslicht sind [&hellip;]<\/p>\n","protected":false},"author":5,"featured_media":3625,"parent":3602,"menu_order":0,"comment_status":"closed","ping_status":"closed","template":"","meta":{"footnotes":""},"class_list":["post-3624","page","type-page","status-publish","has-post-thumbnail","hentry"],"_links":{"self":[{"href":"https:\/\/www.legrandhoteltours.com\/de\/wp-json\/wp\/v2\/pages\/3624","targetHints":{"allow":["GET"]}}],"collection":[{"href":"https:\/\/www.legrandhoteltours.com\/de\/wp-json\/wp\/v2\/pages"}],"about":[{"href":"https:\/\/www.legrandhoteltours.com\/de\/wp-json\/wp\/v2\/types\/page"}],"author":[{"embeddable":true,"href":"https:\/\/www.legrandhoteltours.com\/de\/wp-json\/wp\/v2\/users\/5"}],"replies":[{"embeddable":true,"href":"https:\/\/www.legrandhoteltours.com\/de\/wp-json\/wp\/v2\/comments?post=3624"}],"version-history":[{"count":2,"href":"https:\/\/www.legrandhoteltours.com\/de\/wp-json\/wp\/v2\/pages\/3624\/revisions"}],"predecessor-version":[{"id":3627,"href":"https:\/\/www.legrandhoteltours.com\/de\/wp-json\/wp\/v2\/pages\/3624\/revisions\/3627"}],"up":[{"embeddable":true,"href":"https:\/\/www.legrandhoteltours.com\/de\/wp-json\/wp\/v2\/pages\/3602"}],"wp:featuredmedia":[{"embeddable":true,"href":"https:\/\/www.legrandhoteltours.com\/de\/wp-json\/wp\/v2\/media\/3625"}],"wp:attachment":[{"href":"https:\/\/www.legrandhoteltours.com\/de\/wp-json\/wp\/v2\/media?parent=3624"}],"curies":[{"name":"wp","href":"https:\/\/api.w.org\/{rel}","templated":true}]}}