{"id":3621,"date":"2021-12-06T10:36:59","date_gmt":"2021-12-06T09:36:59","guid":{"rendered":"https:\/\/www.legrandhoteltours.com\/location-de-salle\/salle-monsieur-pierre\/"},"modified":"2024-11-06T10:09:38","modified_gmt":"2024-11-06T09:09:38","slug":"saal-monsieur-pierre","status":"publish","type":"page","link":"https:\/\/www.legrandhoteltours.com\/de\/saele-in-tours\/saal-monsieur-pierre\/","title":{"rendered":"Saal Monsieur Pierre"},"content":{"rendered":"<p>Der Saal Monsieur Pierre befindet sich direkt neben dem Hotel.<\/p>\n<p>Dieser 20\u00a0m\u00b2 gro\u00dfe Saal ist hell und ruhig.<\/p>\n<p>Ideal f\u00fcr Ihre Seminare, Schulungen, Koch-Workshops, Verkostungen, f\u00fcr ein Gesch\u00e4ftsfr\u00fchst\u00fcck oder auch als Show-Room.<\/p>\n<p><strong>Kapazit\u00e4t des Saals Le Corbusier in verschiedenen Konfigurationsm\u00f6glichkeiten:<\/strong><\/p>\n<table class=\"oct_table_salle\">\n<tbody>\n<tr>\n<td><img data-dominant-color=\"d5d5d5\" data-has-transparency=\"false\" style=\"--dominant-color: #d5d5d5;\" decoding=\"async\" class=\"aligncenter wp-image-332 not-transparent\" src=\"https:\/\/www.legrandhoteltours.com\/wp-content\/uploads\/photo-636295010295298358-1.jpeg\" alt=\"\"><\/td>\n<td><img data-dominant-color=\"c7c7c7\" data-has-transparency=\"false\" style=\"--dominant-color: #c7c7c7;\" decoding=\"async\" class=\"wp-image-334 aligncenter not-transparent\" src=\"https:\/\/www.legrandhoteltours.com\/wp-content\/uploads\/photo-636295010446901832-1.jpeg\" alt=\"\"><\/td>\n<td><img data-dominant-color=\"cecece\" data-has-transparency=\"false\" style=\"--dominant-color: #cecece;\" decoding=\"async\" class=\"aligncenter wp-image-336 not-transparent\" src=\"https:\/\/www.legrandhoteltours.com\/wp-content\/uploads\/photo-636295010509459206-1.jpeg\" alt=\"\"><\/td>\n<td><img data-dominant-color=\"dddddd\" data-has-transparency=\"false\" style=\"--dominant-color: #dddddd;\" decoding=\"async\" class=\"aligncenter wp-image-338 not-transparent\" src=\"https:\/\/www.legrandhoteltours.com\/wp-content\/uploads\/photo-636295010660396884-1.jpeg\" alt=\"\"><\/td>\n<td><img data-dominant-color=\"d9d9d9\" data-has-transparency=\"false\" style=\"--dominant-color: #d9d9d9;\" decoding=\"async\" class=\"aligncenter wp-image-340 not-transparent\" src=\"https:\/\/www.legrandhoteltours.com\/wp-content\/uploads\/photo-636295010707897016-1.jpeg\" alt=\"\"><\/td>\n<td><img data-dominant-color=\"d4d4d4\" data-has-transparency=\"false\" style=\"--dominant-color: #d4d4d4;\" decoding=\"async\" class=\"aligncenter wp-image-342 not-transparent\" src=\"https:\/\/www.legrandhoteltours.com\/wp-content\/uploads\/photo-636295010742287825-1.jpeg\" alt=\"\"><\/td>\n<\/tr>\n<tr>\n<td>\n<h3 style=\"text-align: center;\">10<\/h3>\n<\/td>\n<td>\n<h3 style=\"text-align: center;\">10<\/h3>\n<\/td>\n<td>\n<h3 style=\"text-align: center;\">10<\/h3>\n<\/td>\n<td>\n<h3 style=\"text-align: center;\">15<\/h3>\n<\/td>\n<td>\n<h3 style=\"text-align: center;\">20<\/h3>\n<\/td>\n<td>\n<h3 style=\"text-align: center;\">20<\/h3>\n<\/td>\n<\/tr>\n<\/tbody>\n<\/table>\n<p>&nbsp;<\/p>\n<p><strong>Die S\u00e4le mit Tageslicht sind klimatisiert und bieten folgende Ausstattung:<\/strong><\/p>\n<ul>\n<li>Voll ausgestattete K\u00fcche (Mikrowelle, Herdplatte, K\u00fchlschrank, Sp\u00fclmaschine, Arbeitsfl\u00e4che)<\/li>\n<li>Bildschirm<\/li>\n<li>Videoprojektor<\/li>\n<li>Internet mit WLAN-Anschluss<\/li>\n<li>Kaffeemaschine<\/li>\n<li>Paperboard<\/li>\n<li>Schreibmaterial<\/li>\n<li>Tafelwasser<\/li>\n<li>Spezielles Material stellen wir Ihnen gerne auf Anfrage zur Verf\u00fcgung (Videoprojektor, Lautsprecheranlage, K\u00fchlschrank, Spiegel, Wandschirme\u2026)<\/li>\n<\/ul>\n","protected":false},"excerpt":{"rendered":"<p>Der Saal Monsieur Pierre befindet sich direkt neben dem Hotel. Dieser 20\u00a0m\u00b2 gro\u00dfe Saal ist hell und ruhig. Ideal f\u00fcr Ihre Seminare, Schulungen, Koch-Workshops, Verkostungen, f\u00fcr ein Gesch\u00e4ftsfr\u00fchst\u00fcck oder auch als Show-Room. Kapazit\u00e4t des Saals Le Corbusier in verschiedenen Konfigurationsm\u00f6glichkeiten: 10 10 10 15 20 20 &nbsp; Die S\u00e4le mit Tageslicht sind klimatisiert und bieten [&hellip;]<\/p>\n","protected":false},"author":5,"featured_media":0,"parent":3602,"menu_order":0,"comment_status":"closed","ping_status":"closed","template":"","meta":{"footnotes":""},"class_list":["post-3621","page","type-page","status-publish","hentry"],"_links":{"self":[{"href":"https:\/\/www.legrandhoteltours.com\/de\/wp-json\/wp\/v2\/pages\/3621","targetHints":{"allow":["GET"]}}],"collection":[{"href":"https:\/\/www.legrandhoteltours.com\/de\/wp-json\/wp\/v2\/pages"}],"about":[{"href":"https:\/\/www.legrandhoteltours.com\/de\/wp-json\/wp\/v2\/types\/page"}],"author":[{"embeddable":true,"href":"https:\/\/www.legrandhoteltours.com\/de\/wp-json\/wp\/v2\/users\/5"}],"replies":[{"embeddable":true,"href":"https:\/\/www.legrandhoteltours.com\/de\/wp-json\/wp\/v2\/comments?post=3621"}],"version-history":[{"count":2,"href":"https:\/\/www.legrandhoteltours.com\/de\/wp-json\/wp\/v2\/pages\/3621\/revisions"}],"predecessor-version":[{"id":3623,"href":"https:\/\/www.legrandhoteltours.com\/de\/wp-json\/wp\/v2\/pages\/3621\/revisions\/3623"}],"up":[{"embeddable":true,"href":"https:\/\/www.legrandhoteltours.com\/de\/wp-json\/wp\/v2\/pages\/3602"}],"wp:attachment":[{"href":"https:\/\/www.legrandhoteltours.com\/de\/wp-json\/wp\/v2\/media?parent=3621"}],"curies":[{"name":"wp","href":"https:\/\/api.w.org\/{rel}","templated":true}]}}