{"id":3614,"date":"2018-11-13T11:00:34","date_gmt":"2018-11-13T10:00:34","guid":{"rendered":"https:\/\/www.legrandhoteltours.com\/location-de-salle\/salle-le-corbusier\/"},"modified":"2024-11-06T10:08:55","modified_gmt":"2024-11-06T09:08:55","slug":"saal-le-corbusier","status":"publish","type":"page","link":"https:\/\/www.legrandhoteltours.com\/de\/saele-in-tours\/saal-le-corbusier\/","title":{"rendered":"Saal Le Corbusier"},"content":{"rendered":"<p>Der Saal \u201eLe Corbusier\u201c befindet sich im ersten Stock und ist \u00fcber einen Aufzug zug\u00e4nglich.<\/p>\n<p>Der ger\u00e4umige Saal mit einer Fl\u00e4che von 110 m\u00b2 eignet sich ideal f\u00fcr Meetings, Konferenzen, als Show Room, f\u00fcr Schulungsveranstaltungen, Cocktails, gesellige Momente oder auch Videovorf\u00fchrungen.<\/p>\n<p>Auf Wunsch kann im direkt zug\u00e4nglichen Nebenraum eine Wasserversorgung bereitgestellt werden.<\/p>\n<div><\/div>\n<p><strong>Kapazit\u00e4t des Saals Le Corbusier in verschiedenen Konfigurationsm\u00f6glichkeiten:<\/strong><\/p>\n<table class=\"oct_table_salle\">\n<tbody>\n<tr>\n<td><img data-dominant-color=\"d5d5d5\" data-has-transparency=\"false\" style=\"--dominant-color: #d5d5d5;\" decoding=\"async\" class=\"aligncenter wp-image-332 not-transparent\" src=\"https:\/\/www.legrandhoteltours.com\/wp-content\/uploads\/photo-636295010295298358-1.jpeg\" alt=\"\"><\/td>\n<td><img data-dominant-color=\"c7c7c7\" data-has-transparency=\"false\" style=\"--dominant-color: #c7c7c7;\" decoding=\"async\" class=\"wp-image-334 aligncenter not-transparent\" src=\"https:\/\/www.legrandhoteltours.com\/wp-content\/uploads\/photo-636295010446901832-1.jpeg\" alt=\"\"><\/td>\n<td><img data-dominant-color=\"cecece\" data-has-transparency=\"false\" style=\"--dominant-color: #cecece;\" decoding=\"async\" class=\"aligncenter wp-image-336 not-transparent\" src=\"https:\/\/www.legrandhoteltours.com\/wp-content\/uploads\/photo-636295010509459206-1.jpeg\" alt=\"\"><\/td>\n<td><img data-dominant-color=\"dddddd\" data-has-transparency=\"false\" style=\"--dominant-color: #dddddd;\" decoding=\"async\" class=\"aligncenter wp-image-338 not-transparent\" src=\"https:\/\/www.legrandhoteltours.com\/wp-content\/uploads\/photo-636295010660396884-1.jpeg\" alt=\"\"><\/td>\n<td><img data-dominant-color=\"d9d9d9\" data-has-transparency=\"false\" style=\"--dominant-color: #d9d9d9;\" decoding=\"async\" class=\"aligncenter wp-image-340 not-transparent\" src=\"https:\/\/www.legrandhoteltours.com\/wp-content\/uploads\/photo-636295010707897016-1.jpeg\" alt=\"\"><\/td>\n<td><img data-dominant-color=\"d4d4d4\" data-has-transparency=\"false\" style=\"--dominant-color: #d4d4d4;\" decoding=\"async\" class=\"aligncenter wp-image-342 not-transparent\" src=\"https:\/\/www.legrandhoteltours.com\/wp-content\/uploads\/photo-636295010742287825-1.jpeg\" alt=\"\"><\/td>\n<\/tr>\n<tr>\n<td>\n<h3 style=\"text-align: center;\">25<\/h3>\n<\/td>\n<td>\n<h3 style=\"text-align: center;\">25<\/h3>\n<\/td>\n<td>\n<h3 style=\"text-align: center;\">35<\/h3>\n<\/td>\n<td>\n<h3 style=\"text-align: center;\">80<\/h3>\n<\/td>\n<td>\n<h3 style=\"text-align: center;\">70<\/h3>\n<\/td>\n<td>\n<h3 style=\"text-align: center;\">50<\/h3>\n<\/td>\n<\/tr>\n<\/tbody>\n<\/table>\n<p>&nbsp;<\/p>\n<p>Das Grand H\u00f4tel de Tours begleitet Ihre Seminare mit verschiedenen Restaurationsangeboten: Mittagessen vor Ort oder au\u00dferhalb (in einem Partnerrestaurant, wenige Schritte vom Hotel entfernt), Mahlzeiten vor Ort (Tablett), Gesch\u00e4ftsfr\u00fchst\u00fcck, Flying Buffets mittags oder abends&#8230; Dabei passen wir uns selbstverst\u00e4ndlich an die Zeiten und organisatorischen Rahmenbedingungen Ihrer Events an.<\/p>\n<p><strong>Die S\u00e4le mit Tageslicht sind klimatisiert und bieten folgende Ausstattung:<\/strong><\/p>\n<ul>\n<li>Internet mit WLAN-Anschluss<\/li>\n<li>Bildschirm<\/li>\n<li>Videoprojektor<\/li>\n<li>Kaffeemaschine<\/li>\n<li>Paperboard<\/li>\n<li>Schreibmaterial<\/li>\n<li>Tafelwasser<\/li>\n<li>Spezielles Material stellen wir Ihnen gerne auf Anfrage zur Verf\u00fcgung (Videoprojektor, Lautsprecheranlage, K\u00fchlschrank, Spiegel, Wandschirme\u2026)<\/li>\n<\/ul>\n","protected":false},"excerpt":{"rendered":"<p>Der Saal \u201eLe Corbusier\u201c befindet sich im ersten Stock und ist \u00fcber einen Aufzug zug\u00e4nglich. Der ger\u00e4umige Saal mit einer Fl\u00e4che von 110 m\u00b2 eignet sich ideal f\u00fcr Meetings, Konferenzen, als Show Room, f\u00fcr Schulungsveranstaltungen, Cocktails, gesellige Momente oder auch Videovorf\u00fchrungen. Auf Wunsch kann im direkt zug\u00e4nglichen Nebenraum eine Wasserversorgung bereitgestellt werden. Kapazit\u00e4t des Saals [&hellip;]<\/p>\n","protected":false},"author":5,"featured_media":0,"parent":3602,"menu_order":0,"comment_status":"closed","ping_status":"closed","template":"","meta":{"footnotes":""},"class_list":["post-3614","page","type-page","status-publish","hentry"],"_links":{"self":[{"href":"https:\/\/www.legrandhoteltours.com\/de\/wp-json\/wp\/v2\/pages\/3614","targetHints":{"allow":["GET"]}}],"collection":[{"href":"https:\/\/www.legrandhoteltours.com\/de\/wp-json\/wp\/v2\/pages"}],"about":[{"href":"https:\/\/www.legrandhoteltours.com\/de\/wp-json\/wp\/v2\/types\/page"}],"author":[{"embeddable":true,"href":"https:\/\/www.legrandhoteltours.com\/de\/wp-json\/wp\/v2\/users\/5"}],"replies":[{"embeddable":true,"href":"https:\/\/www.legrandhoteltours.com\/de\/wp-json\/wp\/v2\/comments?post=3614"}],"version-history":[{"count":2,"href":"https:\/\/www.legrandhoteltours.com\/de\/wp-json\/wp\/v2\/pages\/3614\/revisions"}],"predecessor-version":[{"id":3616,"href":"https:\/\/www.legrandhoteltours.com\/de\/wp-json\/wp\/v2\/pages\/3614\/revisions\/3616"}],"up":[{"embeddable":true,"href":"https:\/\/www.legrandhoteltours.com\/de\/wp-json\/wp\/v2\/pages\/3602"}],"wp:attachment":[{"href":"https:\/\/www.legrandhoteltours.com\/de\/wp-json\/wp\/v2\/media?parent=3614"}],"curies":[{"name":"wp","href":"https:\/\/api.w.org\/{rel}","templated":true}]}}