{"id":3610,"date":"2018-11-13T12:54:44","date_gmt":"2018-11-13T11:54:44","guid":{"rendered":"https:\/\/www.legrandhoteltours.com\/location-de-salle\/salle-laloux\/"},"modified":"2024-11-06T10:08:35","modified_gmt":"2024-11-06T09:08:35","slug":"saal-laloux","status":"publish","type":"page","link":"https:\/\/www.legrandhoteltours.com\/de\/saele-in-tours\/saal-laloux\/","title":{"rendered":"Saal Laloux"},"content":{"rendered":"<p>Der Saal Laloux befindet sich im vierten Stock und ist \u00fcber einen Aufzug zug\u00e4nglich.<\/p>\n<p>Dieser 50\u00a0m\u00b2 gro\u00dfe Saal ist hell und ruhig.<\/p>\n<p>Ideal f\u00fcr mehrt\u00e4gige Seminare, Schulungsveranstaltungen, Gesch\u00e4ftsfr\u00fchst\u00fcck&#8230;<\/p>\n<p><strong>Kapazit\u00e4t des Saals Laloux in verschiedenen Konfigurationsm\u00f6glichkeiten:<\/strong><\/p>\n<table class=\"oct_table_salle\">\n<tbody>\n<tr>\n<td><img data-dominant-color=\"d5d5d5\" data-has-transparency=\"false\" style=\"--dominant-color: #d5d5d5;\" decoding=\"async\" class=\"aligncenter wp-image-332 not-transparent\" src=\"https:\/\/www.legrandhoteltours.com\/wp-content\/uploads\/photo-636295010295298358-1.jpeg\" alt=\"\"><\/td>\n<td><img data-dominant-color=\"c7c7c7\" data-has-transparency=\"false\" style=\"--dominant-color: #c7c7c7;\" decoding=\"async\" class=\"wp-image-334 aligncenter not-transparent\" src=\"https:\/\/www.legrandhoteltours.com\/wp-content\/uploads\/photo-636295010446901832-1.jpeg\" alt=\"\"><\/td>\n<td><img data-dominant-color=\"cecece\" data-has-transparency=\"false\" style=\"--dominant-color: #cecece;\" decoding=\"async\" class=\"aligncenter wp-image-336 not-transparent\" src=\"https:\/\/www.legrandhoteltours.com\/wp-content\/uploads\/photo-636295010509459206-1.jpeg\" alt=\"\"><\/td>\n<td><img data-dominant-color=\"dddddd\" data-has-transparency=\"false\" style=\"--dominant-color: #dddddd;\" decoding=\"async\" class=\"aligncenter wp-image-338 not-transparent\" src=\"https:\/\/www.legrandhoteltours.com\/wp-content\/uploads\/photo-636295010660396884-1.jpeg\" alt=\"\"><\/td>\n<td><img data-dominant-color=\"d9d9d9\" data-has-transparency=\"false\" style=\"--dominant-color: #d9d9d9;\" decoding=\"async\" class=\"aligncenter wp-image-340 not-transparent\" src=\"https:\/\/www.legrandhoteltours.com\/wp-content\/uploads\/photo-636295010707897016-1.jpeg\" alt=\"\"><\/td>\n<td><img data-dominant-color=\"d4d4d4\" data-has-transparency=\"false\" style=\"--dominant-color: #d4d4d4;\" decoding=\"async\" class=\"aligncenter wp-image-342 not-transparent\" src=\"https:\/\/www.legrandhoteltours.com\/wp-content\/uploads\/photo-636295010742287825-1.jpeg\" alt=\"\"><\/td>\n<\/tr>\n<tr>\n<td>\n<h3>15<\/h3>\n<\/td>\n<td>\n<h3>15<\/h3>\n<\/td>\n<td>\n<h3>20<\/h3>\n<\/td>\n<td>\n<h3>50<\/h3>\n<\/td>\n<td>\n<h3>&#8211;<\/h3>\n<\/td>\n<td>\n<h3>&#8211;<\/h3>\n<\/td>\n<\/tr>\n<\/tbody>\n<\/table>\n<p>&nbsp;<\/p>\n<p><strong>Die S\u00e4le mit Tageslicht sind klimatisiert und bieten folgende Ausstattung:<\/strong><\/p>\n<ul>\n<li>Internet mit WLAN-Anschluss<\/li>\n<li>Bildschirm<\/li>\n<li>Videoprojektor<\/li>\n<li>Kaffeemaschine<\/li>\n<li>Paperboard<\/li>\n<li>Schreibmaterial<\/li>\n<li>Tafelwasser<\/li>\n<li>Spezielles Material stellen wir Ihnen gerne auf Anfrage zur Verf\u00fcgung (Videoprojektor, Lautsprecheranlage, K\u00fchlschrank, Spiegel, Wandschirme\u2026)<\/li>\n<\/ul>\n","protected":false},"excerpt":{"rendered":"<p>Der Saal Laloux befindet sich im vierten Stock und ist \u00fcber einen Aufzug zug\u00e4nglich. Dieser 50\u00a0m\u00b2 gro\u00dfe Saal ist hell und ruhig. Ideal f\u00fcr mehrt\u00e4gige Seminare, Schulungsveranstaltungen, Gesch\u00e4ftsfr\u00fchst\u00fcck&#8230; Kapazit\u00e4t des Saals Laloux in verschiedenen Konfigurationsm\u00f6glichkeiten: 15 15 20 50 &#8211; &#8211; &nbsp; Die S\u00e4le mit Tageslicht sind klimatisiert und bieten folgende Ausstattung: Internet mit WLAN-Anschluss [&hellip;]<\/p>\n","protected":false},"author":5,"featured_media":3611,"parent":3602,"menu_order":0,"comment_status":"closed","ping_status":"closed","template":"","meta":{"footnotes":""},"class_list":["post-3610","page","type-page","status-publish","has-post-thumbnail","hentry"],"_links":{"self":[{"href":"https:\/\/www.legrandhoteltours.com\/de\/wp-json\/wp\/v2\/pages\/3610","targetHints":{"allow":["GET"]}}],"collection":[{"href":"https:\/\/www.legrandhoteltours.com\/de\/wp-json\/wp\/v2\/pages"}],"about":[{"href":"https:\/\/www.legrandhoteltours.com\/de\/wp-json\/wp\/v2\/types\/page"}],"author":[{"embeddable":true,"href":"https:\/\/www.legrandhoteltours.com\/de\/wp-json\/wp\/v2\/users\/5"}],"replies":[{"embeddable":true,"href":"https:\/\/www.legrandhoteltours.com\/de\/wp-json\/wp\/v2\/comments?post=3610"}],"version-history":[{"count":2,"href":"https:\/\/www.legrandhoteltours.com\/de\/wp-json\/wp\/v2\/pages\/3610\/revisions"}],"predecessor-version":[{"id":3613,"href":"https:\/\/www.legrandhoteltours.com\/de\/wp-json\/wp\/v2\/pages\/3610\/revisions\/3613"}],"up":[{"embeddable":true,"href":"https:\/\/www.legrandhoteltours.com\/de\/wp-json\/wp\/v2\/pages\/3602"}],"wp:featuredmedia":[{"embeddable":true,"href":"https:\/\/www.legrandhoteltours.com\/de\/wp-json\/wp\/v2\/media\/3611"}],"wp:attachment":[{"href":"https:\/\/www.legrandhoteltours.com\/de\/wp-json\/wp\/v2\/media?parent=3610"}],"curies":[{"name":"wp","href":"https:\/\/api.w.org\/{rel}","templated":true}]}}