{"id":3598,"date":"2018-10-05T15:30:52","date_gmt":"2018-10-05T13:30:52","guid":{"rendered":"https:\/\/www.legrandhoteltours.com\/contact\/"},"modified":"2024-12-18T04:49:16","modified_gmt":"2024-12-18T03:49:16","slug":"kontakt","status":"publish","type":"page","link":"https:\/\/www.legrandhoteltours.com\/de\/kontakt\/","title":{"rendered":"Kontakt"},"content":{"rendered":"<p style=\"text-align: center;\"><strong><a class=\"Nom\" title=\"Le Grand H\u00f4tel de Tours - Tours\" href=\"https:\/\/www.legrandhoteltours.com\/de\/\">Le Grand H\u00f4tel de Tours<\/a><\/strong><br \/>\n<span class=\"ad\">9, place du G\u00e9n\u00e9ral Leclerc<\/span><br \/>\n<span class=\"ad\">37000 Tours<\/span><\/p>\n<p style=\"text-align: center;\"><a class=\"tel\" title=\"\" href=\"tel:33247053531\">T\u00e9l : 33 (0) 2 47 05 35 31<\/a><\/p>\n<p style=\"text-align: center;\">contact@legrandhoteltours.com<\/p>\n<div class=\"map-responsive\"><div class=\"map-responsive-container\"><iframe loading=\"lazy\" src=\"https:\/\/www.google.com\/maps\/d\/u\/0\/embed?mid=1lY6HJlekF95lLMGN1XsYzpDBwo4vTlLf\" width=\"640\" height=\"480\"><\/iframe><\/div><\/div>\n<p>GPS-Koordinaten:<\/p>\n<ul>\n<li>\u00a0BREITE 0.69.2600 N<\/li>\n<li>\u00a0L\u00c4NGE 47.389866 O<\/li>\n<\/ul>\n<p><img data-dominant-color=\"d8d7d4\" data-has-transparency=\"false\" style=\"--dominant-color: #d8d7d4;\" loading=\"lazy\" decoding=\"async\" class=\"aligncenter wp-image-472 size-full not-transparent\" src=\"https:\/\/www.legrandhoteltours.com\/wp-content\/uploads\/acces-grand-hotel-de-tours.jpg\" alt=\"\" width=\"868\" height=\"728\"><\/p>\n<p><strong>Mit dem Auto<\/strong> : Ausfahrt 21, Tours-Centre, 5\u00a0Minuten Fahrt Richtung Bahnhof (Gare SNCF)<\/p>\n<p><strong>Mit dem Zug<\/strong> : Ankunft am Bahnhof SNCF Tours-Centre, das Hotel liegt rechts gegen\u00fcber dem Bahnhof<\/p>\n<p><strong>Mit dem Bus<\/strong>: Haltestelle Bahnhof SNCF Tours-Centre<\/p>\n<p><strong>Mit der Stra\u00dfenbahn<\/strong>: Haltestelle Bahnhof SNCF Tours-Centre, das Hotel befindet sich in der Fu\u00dfg\u00e4ngerzone links neben der B\u00e4ckerei (Briocherie).<\/p>\n<p><strong>Mit dem Flugzeug<\/strong>: Flughafen (TUF), 15\u00a0Autominuten entfernt<\/p>\n<p><strong>Mit dem Rad<\/strong>: Am Radweg \u201eLoire \u00e0 V\u00e9lo\u201c, im Hotel finden Sie einen sicheren Fahrradraum<\/p>\n","protected":false},"excerpt":{"rendered":"<p>Le Grand H\u00f4tel de Tours 9, place du G\u00e9n\u00e9ral Leclerc 37000 Tours T\u00e9l : 33 (0) 2 47 05 35 31 contact@legrandhoteltours.com GPS-Koordinaten: \u00a0BREITE 0.69.2600 N \u00a0L\u00c4NGE 47.389866 O Mit dem Auto : Ausfahrt 21, Tours-Centre, 5\u00a0Minuten Fahrt Richtung Bahnhof (Gare SNCF) Mit dem Zug : Ankunft am Bahnhof SNCF Tours-Centre, das Hotel liegt rechts [&hellip;]<\/p>\n","protected":false},"author":5,"featured_media":0,"parent":0,"menu_order":0,"comment_status":"closed","ping_status":"closed","template":"templates\/page-contact.php","meta":{"footnotes":""},"class_list":["post-3598","page","type-page","status-publish","hentry"],"_links":{"self":[{"href":"https:\/\/www.legrandhoteltours.com\/de\/wp-json\/wp\/v2\/pages\/3598","targetHints":{"allow":["GET"]}}],"collection":[{"href":"https:\/\/www.legrandhoteltours.com\/de\/wp-json\/wp\/v2\/pages"}],"about":[{"href":"https:\/\/www.legrandhoteltours.com\/de\/wp-json\/wp\/v2\/types\/page"}],"author":[{"embeddable":true,"href":"https:\/\/www.legrandhoteltours.com\/de\/wp-json\/wp\/v2\/users\/5"}],"replies":[{"embeddable":true,"href":"https:\/\/www.legrandhoteltours.com\/de\/wp-json\/wp\/v2\/comments?post=3598"}],"version-history":[{"count":3,"href":"https:\/\/www.legrandhoteltours.com\/de\/wp-json\/wp\/v2\/pages\/3598\/revisions"}],"predecessor-version":[{"id":3601,"href":"https:\/\/www.legrandhoteltours.com\/de\/wp-json\/wp\/v2\/pages\/3598\/revisions\/3601"}],"wp:attachment":[{"href":"https:\/\/www.legrandhoteltours.com\/de\/wp-json\/wp\/v2\/media?parent=3598"}],"curies":[{"name":"wp","href":"https:\/\/api.w.org\/{rel}","templated":true}]}}